{"id":1179,"date":"2024-06-15T11:32:22","date_gmt":"2024-06-15T09:32:22","guid":{"rendered":"http:\/\/alas-danse.fr\/?page_id=1179"},"modified":"2026-05-02T17:31:29","modified_gmt":"2026-05-02T15:31:29","slug":"lady-style","status":"publish","type":"page","link":"https:\/\/alas-danse.fr\/?page_id=1179","title":{"rendered":"LADY STYLE"},"content":{"rendered":"<h2 style=\"text-align: center;\"><img loading=\"lazy\" decoding=\"async\" class=\"alignnone size-thumbnail wp-image-1346\" src=\"http:\/\/alas-danse.fr\/wp-content\/uploads\/2024\/06\/20250531_181500-150x150.jpg\" alt=\"20250531_181500\" width=\"150\" height=\"150\" \/> <img loading=\"lazy\" decoding=\"async\" class=\"alignnone size-thumbnail wp-image-1347\" src=\"http:\/\/alas-danse.fr\/wp-content\/uploads\/2024\/06\/20250531_181712-150x150.jpg\" alt=\"20250531_181712\" width=\"150\" height=\"150\" \/> <img loading=\"lazy\" decoding=\"async\" class=\"alignnone size-thumbnail wp-image-1348\" src=\"http:\/\/alas-danse.fr\/wp-content\/uploads\/2024\/06\/20250531_181718-150x150.jpg\" alt=\"20250531_181718\" width=\"150\" height=\"150\" \/> <img loading=\"lazy\" decoding=\"async\" class=\"alignnone size-thumbnail wp-image-1349\" src=\"http:\/\/alas-danse.fr\/wp-content\/uploads\/2024\/06\/20250531_181743-150x150.jpg\" alt=\"20250531_181743\" width=\"150\" height=\"150\" \/> <img loading=\"lazy\" decoding=\"async\" class=\"alignnone size-thumbnail wp-image-1350\" src=\"http:\/\/alas-danse.fr\/wp-content\/uploads\/2024\/06\/20250531_181746-150x150.jpg\" alt=\"20250531_181746\" width=\"150\" height=\"150\" \/><\/h2>\n<h2 style=\"text-align: center;\"><span style=\"color: #ff00ff;\"><strong>Lady\u00a0Style<\/strong><\/span><\/h2>\n<p>Lady Style, pour les femmes mais aussi pour les hommes: combinaison de techniques de danses, \u00e9l\u00e9gance, gr\u00e2ce et volupt\u00e9&#8230;accentuer la part de f\u00e9minit\u00e9 qui est en vous !<\/p>\n<p>En cours lady style, avec ou sans talons, le but sera d&rsquo;instaurer une bonne ambiance o\u00f9 sensualit\u00e9 rimera avec sororit\u00e9, et o\u00f9 toutes et tous apprendront \u00e0 appr\u00e9cier ce joli corps qui leur a \u00e9t\u00e9 donn\u00e9<\/p>\n<h2><span style=\"text-decoration: underline;\"><strong><span style=\"color: #800080; text-decoration: underline;\">Cours :<\/span><\/strong><span style=\"color: #800080; text-decoration: underline;\"><span style=\"color: #000000; text-decoration: underline;\">le lundi soir<\/span><\/span><\/span><\/h2>\n<p><strong><span style=\"color: #800080;\">Lieu :\u00a0<\/span><\/strong><span style=\"color: #000000;\">Espace Culturel de Vertou \u00ab\u00a0cour et jardin\u00a0\u00bb, \u00e0 l&rsquo;angle des rues Henri Delahaye et du 11 Novembre 1918. Salle \u00ab\u00a0Activit\u00e9\u00a0\u00bb<\/span><\/p>\n<p><strong><span style=\"color: #800080;\">Cours\u00a0D\u00e9butant :\u00a0<\/span><\/strong><span style=\"color: #800080;\"><span style=\"color: #000000;\">de 18h30 \u00e0 19h30<\/span><\/span><\/p>\n<p>Combinaison de diff\u00e9rentes techniques de danses, accentuer votre part de f\u00e9minit\u00e9, de gr\u00e2ce et de sensualit\u00e9.<\/p>\n<p><strong><span style=\"color: #800080;\">Cours\u00a0Interm\u00e9diaire :\u00a0<\/span><\/strong><span style=\"color: #800080;\"><span style=\"color: #000000;\">de 19h30 \u00e0 20h30<\/span><\/span><\/p>\n<p>Combinaison de diff\u00e9rentes techniques de danses, accentuer votre part de f\u00e9minit\u00e9, de gr\u00e2ce et de sensualit\u00e9. Appropri\u00e9 pour les danseuses ayant d\u00e9j\u00e0 pratiqu\u00e9 la danse (au moins un an).<\/p>\n<p><strong><span style=\"color: #800080;\">Cours Interm\u00e9diaire &#8211; Avanc\u00e9 : <\/span><\/strong><span style=\"color: #800080;\"><span style=\"color: #000000;\">de 20h30 \u00e0 21h45<\/span><\/span><\/p>\n<p>Combinaison de diff\u00e9rentes techniques de danses, accentuer votre part de f\u00e9minit\u00e9, de gr\u00e2ce et de sensualit\u00e9. Appropri\u00e9 pour les danseuses ayant d\u00e9j\u00e0 pratiqu\u00e9 le lady style depuis plus de deux ans.<\/p>\n<h4><span style=\"color: #800080;\">Le professeur: <\/span><\/h4>\n<p><strong><span style=\"text-decoration: underline;\">Cl\u00e9mence Rocand<\/span><\/strong><\/p>\n<p>Cl\u00e9mence, 26 ans, commence la danse en 2001 et accumule au fil des ann\u00e9es les 3 disciplines suivantes : classique, modern&rsquo;jazz, et enfin hip hop. Elle donne son premier cours en 2019 pour un remplacement, et c&rsquo;est le d\u00e9clic : elle sera professeure de danse ! Elle obtient son Dipl\u00f4me d&rsquo;\u00c9tat de professeur de danse jazz en juin 2023. Elle obtient entre temps un DUT en communication et co-r\u00e9alise une Com\u00e9die Musicale. C&rsquo;est nourrie de ces exp\u00e9riences, et passionn\u00e9e par tous les styles de danse qu&rsquo;elle d\u00e9veloppe depuis 2022 le style dit \u00ab\u00a0lady style\u00a0\u00bb. Une danse qui tire ses bases des danses urbaines, mais aussi acad\u00e9miques, pour cr\u00e9er des mouvements sensuels et f\u00e9minins. 2024 fut d&rsquo;ailleurs l&rsquo;occasion pour elle d&rsquo;aller se former \u00e0 Los Angeles pour prendre des cours aupr\u00e8s de grands noms de la danse hip hop mais aussi&#8230; du \u00ab\u00a0heels\u00a0\u00bb, traduisez \u00ab\u00a0talons\u00a0aiguilles\u00a0\u00bb.<\/p>\n<h2 style=\"text-align: center;\"><span style=\"text-decoration: underline;\"><a href=\"http:\/\/alas-danse.fr\/?page_id=22\"><span style=\"color: #ff0000;\"><span style=\"color: #ff0000; text-decoration: underline;\">INSCRIPTION<\/span><\/span><\/a><\/span><\/h2>\n<h4 style=\"text-align: left;\"><span style=\"color: #ff0000;\"><span style=\"color: #000000;\">Pour toute info sur les inscriptions<\/span><a title=\"INSCRIPTIONS ET TARIFS Saison 2016-2017\" href=\"http:\/\/alas-danse.com\/inscriptions-2012-2013\/\"><span style=\"color: #000000;\">,<\/span><\/a><span style=\"color: #000000;\"> les modalit\u00e9s<\/span><a title=\"INSCRIPTIONS ET TARIFS Saison 2016-2017\" href=\"http:\/\/alas-danse.com\/inscriptions-2012-2013\/\"><span style=\"color: #000000;\">,<\/span><\/a><span style=\"color: #000000;\"> contacter ALAS DANSE par mail ou par t\u00e9l\u00e9phone.<\/span><\/span><\/h4>\n<p style=\"text-align: left;\"><a href=\"http:\/\/alas-danse.fr\/?page_id=57\"><strong>Contact<\/strong><\/a><\/p>\n<p><strong><span style=\"text-decoration: underline;\">Des questions ?<\/span><\/strong><\/p>\n<p>Merci de remplir le formulaire ci-dessous pour nous envoyer un message, n&rsquo;oubliez pas de pr\u00e9ciser le cours dans lequel vous \u00eates inscrit ou\u00a0dans lequel vous souhaitez vous inscrire.<br \/>\nNous vous r\u00e9pondrons dans les meilleurs d\u00e9lais.<\/p>\n\n<div class=\"wpcf7 no-js\" id=\"wpcf7-f68-o1\" lang=\"fr-FR\" dir=\"ltr\" data-wpcf7-id=\"68\">\n<div class=\"screen-reader-response\"><p role=\"status\" aria-live=\"polite\" aria-atomic=\"true\"><\/p> <ul><\/ul><\/div>\n<form action=\"\/index.php?rest_route=%2Fwp%2Fv2%2Fpages%2F1179#wpcf7-f68-o1\" method=\"post\" class=\"wpcf7-form init\" aria-label=\"Formulaire de contact\" novalidate=\"novalidate\" data-status=\"init\">\n<fieldset class=\"hidden-fields-container\"><input type=\"hidden\" name=\"_wpcf7\" value=\"68\" \/><input type=\"hidden\" name=\"_wpcf7_version\" value=\"6.1.1\" \/><input type=\"hidden\" name=\"_wpcf7_locale\" value=\"fr_FR\" \/><input type=\"hidden\" name=\"_wpcf7_unit_tag\" value=\"wpcf7-f68-o1\" \/><input type=\"hidden\" name=\"_wpcf7_container_post\" value=\"0\" \/><input type=\"hidden\" name=\"_wpcf7_posted_data_hash\" value=\"\" \/>\n<\/fieldset>\n<p><label> Votre nom (obligatoire)<br \/>\n<span class=\"wpcf7-form-control-wrap\" data-name=\"your-name\"><input size=\"40\" maxlength=\"400\" class=\"wpcf7-form-control wpcf7-text wpcf7-validates-as-required\" aria-required=\"true\" aria-invalid=\"false\" value=\"\" type=\"text\" name=\"your-name\" \/><\/span> <\/label>\n<\/p>\n<p><label> Votre e-mail (obligatoire)<br \/>\n<span class=\"wpcf7-form-control-wrap\" data-name=\"your-email\"><input size=\"40\" maxlength=\"400\" class=\"wpcf7-form-control wpcf7-email wpcf7-validates-as-required wpcf7-text wpcf7-validates-as-email\" aria-required=\"true\" aria-invalid=\"false\" value=\"\" type=\"email\" name=\"your-email\" \/><\/span> <\/label>\n<\/p>\n<p><label> Sujet<br \/>\n<span class=\"wpcf7-form-control-wrap\" data-name=\"your-subject\"><input size=\"40\" maxlength=\"400\" class=\"wpcf7-form-control wpcf7-text\" aria-invalid=\"false\" value=\"\" type=\"text\" name=\"your-subject\" \/><\/span> <\/label>\n<\/p>\n<p><label> Votre message<br \/>\n<span class=\"wpcf7-form-control-wrap\" data-name=\"your-message\"><textarea cols=\"40\" rows=\"10\" maxlength=\"2000\" class=\"wpcf7-form-control wpcf7-textarea\" aria-invalid=\"false\" name=\"your-message\"><\/textarea><\/span> <\/label>\n<\/p>\n<p><input class=\"wpcf7-form-control wpcf7-submit has-spinner\" type=\"submit\" value=\"Envoyer\" \/>\n<\/p><div class=\"wpcf7-response-output\" aria-hidden=\"true\"><\/div>\n<\/form>\n<\/div>\n\n","protected":false},"excerpt":{"rendered":"<p>Lady\u00a0Style Lady Style, pour les femmes mais aussi pour les hommes: combinaison de techniques de danses, \u00e9l\u00e9gance, gr\u00e2ce et volupt\u00e9&#8230;accentuer<\/p>\n","protected":false},"author":1,"featured_media":0,"parent":0,"menu_order":0,"comment_status":"closed","ping_status":"closed","template":"","meta":{"colormag_page_container_layout":"default_layout","colormag_page_sidebar_layout":"default_layout","footnotes":""},"class_list":["post-1179","page","type-page","status-publish","hentry"],"jetpack_sharing_enabled":true,"_links":{"self":[{"href":"https:\/\/alas-danse.fr\/index.php?rest_route=\/wp\/v2\/pages\/1179","targetHints":{"allow":["GET"]}}],"collection":[{"href":"https:\/\/alas-danse.fr\/index.php?rest_route=\/wp\/v2\/pages"}],"about":[{"href":"https:\/\/alas-danse.fr\/index.php?rest_route=\/wp\/v2\/types\/page"}],"author":[{"embeddable":true,"href":"https:\/\/alas-danse.fr\/index.php?rest_route=\/wp\/v2\/users\/1"}],"replies":[{"embeddable":true,"href":"https:\/\/alas-danse.fr\/index.php?rest_route=%2Fwp%2Fv2%2Fcomments&post=1179"}],"version-history":[{"count":10,"href":"https:\/\/alas-danse.fr\/index.php?rest_route=\/wp\/v2\/pages\/1179\/revisions"}],"predecessor-version":[{"id":1483,"href":"https:\/\/alas-danse.fr\/index.php?rest_route=\/wp\/v2\/pages\/1179\/revisions\/1483"}],"wp:attachment":[{"href":"https:\/\/alas-danse.fr\/index.php?rest_route=%2Fwp%2Fv2%2Fmedia&parent=1179"}],"curies":[{"name":"wp","href":"https:\/\/api.w.org\/{rel}","templated":true}]}}