{"id":14,"date":"2016-11-02T15:17:35","date_gmt":"2016-11-02T14:17:35","guid":{"rendered":"http:\/\/alas-danse.fr\/?page_id=14"},"modified":"2025-09-13T16:20:31","modified_gmt":"2025-09-13T14:20:31","slug":"danse-de-couple","status":"publish","type":"page","link":"https:\/\/alas-danse.fr\/?page_id=14","title":{"rendered":"DANSE DE COUPLE"},"content":{"rendered":"<p><img loading=\"lazy\" decoding=\"async\" class=\" wp-image-500 aligncenter\" src=\"http:\/\/alas-danse.fr\/wp-content\/uploads\/2016\/11\/dancing-couple.jpg\" alt=\"dancing-couple\" width=\"447\" height=\"313\" srcset=\"https:\/\/alas-danse.fr\/wp-content\/uploads\/2016\/11\/dancing-couple.jpg 700w, https:\/\/alas-danse.fr\/wp-content\/uploads\/2016\/11\/dancing-couple-300x210.jpg 300w, https:\/\/alas-danse.fr\/wp-content\/uploads\/2016\/11\/dancing-couple-130x90.jpg 130w\" sizes=\"auto, (max-width: 447px) 100vw, 447px\" \/><\/p>\n<p><img loading=\"lazy\" decoding=\"async\" class=\"alignnone size-thumbnail wp-image-1344 aligncenter\" src=\"http:\/\/alas-danse.fr\/wp-content\/uploads\/2016\/11\/20250531_184551-150x150.jpg\" alt=\"20250531_184551\" width=\"150\" height=\"150\" \/><\/p>\n<p>&nbsp;<\/p>\n<h2 style=\"text-align: center;\"><span style=\"color: #800080;\"><strong><span style=\"color: #800080;\">DANSES de COUPLE<\/span><\/strong><\/span> : <span style=\"color: #000000;\">La complicit\u00e9 et la convivialit\u00e9 des danses \u00e0 deux.<\/span><\/h2>\n<p>3 types de cours\u00a0 sont propos\u00e9s sur deux\u00a0niveaux (D\u00e9butant ou perfectionnement) avec des styles diff\u00e9rents. Que vous soyez danseurs d\u00e9butants, initi\u00e9s ou aguerris, que vous ayez une pr\u00e9f\u00e9rence pour le rock et les danses traditionnelles de bal, les danses latines ou bien encore les danses swing vous trouverez votre bonheur dans un de ces cours.<\/p>\n<p>Ces cours sont propos\u00e9s sur deux niveaux, un niveau d\u00e9butant le mardi et un niveau\u00a0interm\u00e9diaire\/avanc\u00e9 le jeudi.<\/p>\n<p><span style=\"text-decoration: underline;\"><span style=\"color: #ff00ff;\"><strong>Cours de rock et danses de salon (D\u00e9butant &amp; interm\u00e9diaire\/avanc\u00e9)<\/strong><\/span><\/span>: Danses traditionnelles de bal (chacha, valse, tango, quickstep\u2026). Pour ceux et celles qui veulent d\u00e9couvrir ou red\u00e9couvrir le charme des danses enlac\u00e9es.<b> <\/b>Rock acad\u00e9mique 6 temps.<\/p>\n<p><span style=\"text-decoration: underline;\"><span style=\"color: #ff00ff; text-decoration: underline;\"><strong>Cours de danses Swing<\/strong>:<\/span><\/span>\u00a0 <span style=\"text-decoration: underline;\">Lindy hop, rock swing, west coast swing<\/span>.<\/p>\n<p><span style=\"text-decoration: underline;\"><span style=\"color: #ff00ff;\"><strong>Cours de danses latines<\/strong><\/span><\/span>:\u00a0Salsa, Bachata,\u00a0kizomba . Pour les les\u00a0<em>aficionados des rythmes<\/em>\u00a0latino.<\/p>\n<p style=\"text-align: center;\"><span style=\"text-decoration: underline;\"> Swing<\/span>: Lindy Hop, West coast swing, Rock swing. Pour les acharn\u00e9s des bounces, des bumps et des \u00ab\u00a0swing out\u00a0\u00bb.<\/p>\n<p>&nbsp;<\/p>\n<p><strong><span style=\"color: #800080;\">Lieu<\/span><\/strong><strong> :<\/strong> Espace Culturel de Vertou \u00ab\u00a0cour et jardin\u00a0\u00bb, \u00e0 l&rsquo;angle des rues Henri Delahaye et du 11 Novembre 1918.<\/p>\n<p>&nbsp;<\/p>\n<h3><span style=\"color: #0000ff; text-decoration: underline;\"><strong>Cours :<\/strong> le Mardi soir (cours d\u00e9butant)<\/span><\/h3>\n<p><span style=\"text-decoration: underline;\"><strong><span style=\"color: #800080; text-decoration: underline;\">Rock et danses de salon &#8211; (19h-20h)<\/span><\/strong><\/span><\/p>\n<p><strong><span style=\"color: #800080; text-decoration: underline;\">Danses swing &#8211; (20H-21h).<\/span><\/strong><\/p>\n<p><strong><span style=\"color: #800080; text-decoration: underline;\">Danses latines <\/span><span style=\"text-decoration: underline;\"><span style=\"color: #800080; text-decoration: underline;\">&#8211;\u00a0<\/span><span style=\"color: #800080; text-decoration: underline;\">(21h00-22h00)<\/span><\/span><\/strong><\/p>\n<h3><span style=\"color: #0000ff; text-decoration: underline;\"><strong>Cours :<\/strong> le jeudi soir (cours interm\u00e9diaire\/avanc\u00e9)<\/span><\/h3>\n<p><span style=\"color: #000000;\">Vous poss\u00e9dez bien les bases et pratiquez depuis plus d\u20191 an en cours r\u00e9gulier.<\/span><br \/>\nObjectif: Assurer les pas, d\u00e9velopper le guidage et la connexion, apprendre de nouvelles figures.<\/p>\n<p><span style=\"text-decoration: underline;\"><strong><span style=\"color: #800080; text-decoration: underline;\">Danses de salon et rock &#8211; (19h-20h)<\/span><\/strong><\/span><\/p>\n<p><strong><span style=\"color: #800080; text-decoration: underline;\">Danses swing &#8211; (20H-21h).<\/span><\/strong><\/p>\n<p><strong><span style=\"color: #800080; text-decoration: underline;\">Danses latines\u00a0<\/span><span style=\"text-decoration: underline;\"><span style=\"color: #800080; text-decoration: underline;\">&#8211;\u00a0<\/span><span style=\"color: #800080; text-decoration: underline;\">(21h00-22h00)<\/span><\/span><\/strong><\/p>\n<p>&nbsp;<\/p>\n<div>\n<p><span style=\"color: #3366ff;\"><strong>Cours d\u00e9butant<\/strong>\u00a0:<\/span> Apprentissage des pas de base et des figures basiques qui vous permettront de faire vos premiers pas sur une piste danse.<\/p>\n<p><span style=\"color: #3366ff;\"><strong>Cours\u00a0perfectionnement : <\/strong><\/span>Consolidation et\u00a0 apprentissage de figures plus complexes sur des rythmes plus soutenus.<span style=\"color: #3366ff;\"><strong>\u00a0<\/strong><\/span>Travail plus technique, encha\u00eenements avec variations du jeu de jambe, travail plus approfondi sur la connexion et la musicalit\u00e9.<\/p>\n<\/div>\n<h2><strong><span style=\"color: #800080;\">Le professeur :<\/span><\/strong><\/h2>\n<p><strong><u><span style=\"color: #000000;\">Jean-Marc BRUNEL<\/span><\/u><\/strong><\/p>\n<p>Ancien comp\u00e9titeur de rock acrobatique et curieux de toutes formes de pratiques de la danse, il se forme aux danses sportives latines et standards, aux danses swings, au tango argentin au moment de son renouveau en Europe, ainsi qu\u2019aux danses country et line dance. Son go\u00fbt pour la transmission de savoir le conduit vers l\u2019enseignement de la danse. Il se forme \u00e0 l&rsquo;enseignement aupr\u00e8s de professeurs reconnus et obtient un brevet f\u00e9d\u00e9ral d\u00e9livr\u00e9 par la F\u00e9d\u00e9ration des Sport de Danse de France (FSD). Fort de son bagage technique et p\u00e9dagogique, il enseigne la danse avec un enthousiasme communicatif dans des structures associatives de l\u2019agglom\u00e9ration Nantaise et au del\u00e0.<\/p>\n<p>&nbsp;<\/p>\n<h2 style=\"text-align: center;\"><span style=\"text-decoration: underline;\"><a href=\"http:\/\/alas-danse.fr\/?page_id=22\"><span style=\"color: #ff0000;\"><span style=\"color: #ff0000; text-decoration: underline;\">INSCRIPTION<\/span><\/span><\/a><\/span><\/h2>\n<h4 style=\"text-align: left;\"><span style=\"color: #ff0000;\"><span style=\"color: #ff0000;\"><span style=\"color: #000000;\">Pour toute info sur les inscriptions<\/span><\/span><a title=\"INSCRIPTIONS ET TARIFS Saison 2016-2017\" href=\"http:\/\/alas-danse.com\/inscriptions-2012-2013\/\"><span style=\"color: #ff0000;\"><span style=\"color: #000000;\">,<\/span><\/span><\/a><span style=\"color: #ff0000;\"><span style=\"color: #000000;\"> les modalit\u00e9s<\/span><\/span><a title=\"INSCRIPTIONS ET TARIFS Saison 2016-2017\" href=\"http:\/\/alas-danse.com\/inscriptions-2012-2013\/\"><span style=\"color: #ff0000;\"><span style=\"color: #000000;\">,<\/span><\/span><\/a><span style=\"color: #ff0000;\"><span style=\"color: #000000;\"> contacter ALAS DANSE par mail ou par t\u00e9l\u00e9phone.<\/span><\/span><\/span><\/h4>\n<p style=\"text-align: left;\"><a href=\"http:\/\/alas-danse.fr\/?page_id=57\"><strong>Contact<\/strong><\/a><\/p>\n<p><strong><span style=\"text-decoration: underline;\">Des questions ?<\/span><\/strong><\/p>\n<p>Merci de remplir le formulaire ci-dessous pour nous envoyer un message, n&rsquo;oubliez pas de pr\u00e9ciser le cours dans lequel vous \u00eates inscrit ou\u00a0dans lequel vous souhaitez vous inscrire.<br \/>\nNous vous r\u00e9pondrons dans les meilleurs d\u00e9lais.<\/p>\n\n<div class=\"wpcf7 no-js\" id=\"wpcf7-f68-o1\" lang=\"fr-FR\" dir=\"ltr\" data-wpcf7-id=\"68\">\n<div class=\"screen-reader-response\"><p role=\"status\" aria-live=\"polite\" aria-atomic=\"true\"><\/p> <ul><\/ul><\/div>\n<form action=\"\/index.php?rest_route=%2Fwp%2Fv2%2Fpages%2F14#wpcf7-f68-o1\" method=\"post\" class=\"wpcf7-form init\" aria-label=\"Formulaire de contact\" novalidate=\"novalidate\" data-status=\"init\">\n<fieldset class=\"hidden-fields-container\"><input type=\"hidden\" name=\"_wpcf7\" value=\"68\" \/><input type=\"hidden\" name=\"_wpcf7_version\" value=\"6.1.1\" \/><input type=\"hidden\" name=\"_wpcf7_locale\" value=\"fr_FR\" \/><input type=\"hidden\" name=\"_wpcf7_unit_tag\" value=\"wpcf7-f68-o1\" \/><input type=\"hidden\" name=\"_wpcf7_container_post\" value=\"0\" \/><input type=\"hidden\" name=\"_wpcf7_posted_data_hash\" value=\"\" \/>\n<\/fieldset>\n<p><label> Votre nom (obligatoire)<br \/>\n<span class=\"wpcf7-form-control-wrap\" data-name=\"your-name\"><input size=\"40\" maxlength=\"400\" class=\"wpcf7-form-control wpcf7-text wpcf7-validates-as-required\" aria-required=\"true\" aria-invalid=\"false\" value=\"\" type=\"text\" name=\"your-name\" \/><\/span> <\/label>\n<\/p>\n<p><label> Votre e-mail (obligatoire)<br \/>\n<span class=\"wpcf7-form-control-wrap\" data-name=\"your-email\"><input size=\"40\" maxlength=\"400\" class=\"wpcf7-form-control wpcf7-email wpcf7-validates-as-required wpcf7-text wpcf7-validates-as-email\" aria-required=\"true\" aria-invalid=\"false\" value=\"\" type=\"email\" name=\"your-email\" \/><\/span> <\/label>\n<\/p>\n<p><label> Sujet<br \/>\n<span class=\"wpcf7-form-control-wrap\" data-name=\"your-subject\"><input size=\"40\" maxlength=\"400\" class=\"wpcf7-form-control wpcf7-text\" aria-invalid=\"false\" value=\"\" type=\"text\" name=\"your-subject\" \/><\/span> <\/label>\n<\/p>\n<p><label> Votre message<br \/>\n<span class=\"wpcf7-form-control-wrap\" data-name=\"your-message\"><textarea cols=\"40\" rows=\"10\" maxlength=\"2000\" class=\"wpcf7-form-control wpcf7-textarea\" aria-invalid=\"false\" name=\"your-message\"><\/textarea><\/span> <\/label>\n<\/p>\n<p><input class=\"wpcf7-form-control wpcf7-submit has-spinner\" type=\"submit\" value=\"Envoyer\" \/>\n<\/p><div class=\"wpcf7-response-output\" aria-hidden=\"true\"><\/div>\n<\/form>\n<\/div>\n\n<p>&nbsp;<\/p>\n","protected":false},"excerpt":{"rendered":"<p>&nbsp; DANSES de COUPLE : La complicit\u00e9 et la convivialit\u00e9 des danses \u00e0 deux. 3 types de cours\u00a0 sont propos\u00e9s<\/p>\n","protected":false},"author":1,"featured_media":0,"parent":0,"menu_order":0,"comment_status":"closed","ping_status":"closed","template":"","meta":{"colormag_page_container_layout":"no_sidebar_full_width","colormag_page_sidebar_layout":"right_sidebar","footnotes":""},"class_list":["post-14","page","type-page","status-publish","hentry"],"jetpack_sharing_enabled":true,"_links":{"self":[{"href":"https:\/\/alas-danse.fr\/index.php?rest_route=\/wp\/v2\/pages\/14","targetHints":{"allow":["GET"]}}],"collection":[{"href":"https:\/\/alas-danse.fr\/index.php?rest_route=\/wp\/v2\/pages"}],"about":[{"href":"https:\/\/alas-danse.fr\/index.php?rest_route=\/wp\/v2\/types\/page"}],"author":[{"embeddable":true,"href":"https:\/\/alas-danse.fr\/index.php?rest_route=\/wp\/v2\/users\/1"}],"replies":[{"embeddable":true,"href":"https:\/\/alas-danse.fr\/index.php?rest_route=%2Fwp%2Fv2%2Fcomments&post=14"}],"version-history":[{"count":85,"href":"https:\/\/alas-danse.fr\/index.php?rest_route=\/wp\/v2\/pages\/14\/revisions"}],"predecessor-version":[{"id":1403,"href":"https:\/\/alas-danse.fr\/index.php?rest_route=\/wp\/v2\/pages\/14\/revisions\/1403"}],"wp:attachment":[{"href":"https:\/\/alas-danse.fr\/index.php?rest_route=%2Fwp%2Fv2%2Fmedia&parent=14"}],"curies":[{"name":"wp","href":"https:\/\/api.w.org\/{rel}","templated":true}]}}