{"id":18,"date":"2016-11-02T15:20:07","date_gmt":"2016-11-02T14:20:07","guid":{"rendered":"http:\/\/alas-danse.fr\/?page_id=18"},"modified":"2025-09-13T16:24:39","modified_gmt":"2025-09-13T14:24:39","slug":"line-dance-danse-solo","status":"publish","type":"page","link":"https:\/\/alas-danse.fr\/?page_id=18","title":{"rendered":"LINE DANCE (DANSE SOLO)"},"content":{"rendered":"<p><iframe loading=\"lazy\" title=\"YouTube video player\" src=\"https:\/\/www.youtube.com\/embed\/xlnF5x87Y1I?si=goLgMTCttqBiqZM_&amp;start=9\" width=\"560\" height=\"315\" frameborder=\"0\" allowfullscreen=\"allowfullscreen\"><\/iframe><br \/>\n<iframe loading=\"lazy\" title=\"YouTube video player\" src=\"https:\/\/www.youtube-nocookie.com\/embed\/kja1FlZK3zw?si=-lP71jtEKa09EWnd&amp;start=16\" width=\"560\" height=\"315\" frameborder=\"0\" allowfullscreen=\"allowfullscreen\"><\/iframe><\/p>\n<p><center><\/center>&nbsp;<\/p>\n<p><strong><span style=\"color: #ff9900;\">La line-dance est conviviale et accessible \u00e0 tous !!!<\/span><\/strong><\/p>\n<p>La line dance, qu&rsquo;est-ce que c&rsquo;est?????<\/p>\n<p>Une danse qui se pratique seul(e) mais au milieu d&rsquo;un groupe. On danse la m\u00eame chose tous ensemble, on partage!!!!<br \/>\nUne danse qui se pratique sur tous les styles musicaux: rock, disco, pop, latino, celtique&#8230; et surtout sur des musiques actuelles.<br \/>\nOn \u00e9volue donc sur tout style de danse: valse, bachata, chacha, west coast swing&#8230;<\/p>\n<p>Une danse qui se pratique \u00e0 tout \u00e2ge, qui est faite pour tout le\u00a0monde (aux hommes, aux femmes, aux plus jeunes (\u00e0 partir de 10 ans), aux moins jeunes) sans exigence de souplesse, ni de grande forme physique.<\/p>\n<p>Une danse qui se pratique selon diff\u00e9rents niveaux:<\/p>\n<p>&#8211; niveau d\u00e9butant,<br \/>\n&#8211; niveau novice,<br \/>\n&#8211; niveau interm\u00e9diaire,<br \/>\n&#8211; niveau avanc\u00e9, pour r\u00e9pondre aux exigences et aux envies de chacun.<\/p>\n<p>Pas de stress de passage de classe!!!! A chacun de trouver son rythme pour \u00e9voluer. L&rsquo;essentiel, c&rsquo;est de se faire plaisir que ce soit sur une danse d\u00e9butante ou une avanc\u00e9e!<\/p>\n<p>Une danse qui se pratique partout en France et m\u00eame ailleurs.<br \/>\nChaque danse est \u00e9crite par des chor\u00e9graphes fran\u00e7ais ou internationaux r\u00e9put\u00e9s.<\/p>\n<p>Ce qui veut dire que l&rsquo;on peut se retrouver avec des tas d&rsquo;autres personnes et danser la m\u00eame chose. On peut se faire plaisir tous ensemble pendant des temps conviviaux organis\u00e9s un peu partout!!!<br \/>\nFaut-il ajouter que danser, c&rsquo;est bon pour le corps, c&rsquo;est bon pour la t\u00eate, c&rsquo;est bon pour notre bien-\u00eatre&#8230;. c&rsquo;est bon pour tout!!!!<\/p>\n<p>Y&rsquo;a plus qu&rsquo;\u00e0 se lancer!!!!<\/p>\n<p>&nbsp;<\/p>\n<p><strong><span style=\"color: #ff9900;\">10 bonnes raisons de se mettre \u00e0 la line dance:<\/span><\/strong><\/p>\n<ul>\n<li>Parce qu&rsquo;il n&rsquo;y a pas besoin de partenaire<\/li>\n<li>Parce qu&rsquo;il n&rsquo;y a pas de limite d&rsquo;\u00e2ge<\/li>\n<li>Parce qu&rsquo;il y en a pour tous les go\u00fbts<\/li>\n<li>Parce que c&rsquo;est excellent pour la m\u00e9moire<\/li>\n<li>Parce que cela maintient en forme, c&rsquo;est bon pour la sant\u00e9<\/li>\n<li>Parce que c&rsquo;est accessible \u00e0 tous les niveaux<\/li>\n<li>Parce que l&rsquo;on peut se faire plein de nouveaux amis<\/li>\n<li>Parce que l&rsquo;on ne risque pas de s&rsquo;ennuyer<\/li>\n<li>Parce que cela d\u00e9tend et que c&rsquo;est bon pour le moral<\/li>\n<li>Parce que j&rsquo;ai plus d&rsquo;id\u00e9es, mais c&rsquo;est d\u00e9j\u00e0 pas mal\u00a0\ud83d\ude42<\/li>\n<\/ul>\n<p><span style=\"text-decoration: underline;\"><strong><span style=\"color: #800080; text-decoration: underline;\">Cours : <\/span><\/strong>le mardi soir.<\/span><br \/>\nPossibilit\u00e9 d\u2019assister gratuitement au premier cours.<\/p>\n<p><strong><span style=\"color: #800080;\">Lieu :<\/span><\/strong><br \/>\nEspace Culturel de Vertou \u00ab\u00a0cour et jardin\u00a0\u00bb, \u00e0 l&rsquo;angle des rues Henri Delahaye et du 11 Novembre 1918.<\/p>\n<p><strong><span style=\"color: #800080;\">Niveau d\u00e9butant<\/span><\/strong><span style=\"color: #800080;\">\u00a0: <span style=\"color: #000000;\">de 19h00 \u00e0 20h00<\/span><\/span><br \/>\nAppropri\u00e9 pour les danseurs solo ayant peu ou aucune notion de cette danse.<\/p>\n<p><strong><span style=\"color: #800080;\">Niveau novice<\/span><\/strong><span style=\"color: #800080;\">\u00a0:\u00a0<span style=\"color: #000000;\">de 20h00 \u00e0 21h00<\/span><\/span><br \/>\nAppropri\u00e9 pour les danseurs solo ayant d\u00e9ja pratiqu\u00e9 la line depuis un an.<\/p>\n<p><strong><span style=\"color: #800080;\">Niveau interm\u00e9diaire <\/span><\/strong>: de 21h00 \u00e0 22h00<br \/>\nVous poss\u00e9dez bien tous les pas de base et pratiquez depuis plus de deux ans en cours r\u00e9gulier. Venez d\u00e9couvrir et approfondir d&rsquo;autres variations.<br \/>\nPour ceux et celles qui sont adeptes de la Line Dance et qui veulent s&rsquo;exprimer sur de belles chor\u00e9graphies plus difficiles.<\/p>\n<h4><span style=\"color: #800080;\">Le professeur:<\/span><\/h4>\n<p><strong><u>V\u00e9ronique Clicq:<\/u><\/strong><\/p>\n<p>V\u00e9ronique, professeur des \u00e9coles, a commenc\u00e9 la danse en 2010. Apr\u00e8s un bref passage en country, elle se tourne vers la line dance qu&rsquo;elle pratique avec passion. C&rsquo;est cette passion qu&rsquo;elle a envie de vous faire partager au travers de chor\u00e9graphies qui vous feront danser sur des musiques actuelles.<\/p>\n<p><strong><span style=\"color: #800080;\">Tarif :<\/span><\/strong>96\u20ac\u00a0 personne pour l\u2019ann\u00e9e<\/p>\n<h2 style=\"text-align: center;\"><span style=\"text-decoration: underline;\"><a href=\"http:\/\/alas-danse.fr\/?page_id=22\"><span style=\"color: #ff0000;\"><span style=\"color: #ff0000; text-decoration: underline;\">INSCRIPTION<\/span><\/span><\/a><\/span><\/h2>\n<h4 style=\"text-align: left;\"><span style=\"color: #ff0000;\"><span style=\"color: #000000;\">Pour toute info sur les inscriptions<\/span><a title=\"INSCRIPTIONS ET TARIFS Saison 2016-2017\" href=\"http:\/\/alas-danse.com\/inscriptions-2012-2013\/\"><span style=\"color: #000000;\">,<\/span><\/a><span style=\"color: #000000;\"> les modalit\u00e9s<\/span><a title=\"INSCRIPTIONS ET TARIFS Saison 2016-2017\" href=\"http:\/\/alas-danse.com\/inscriptions-2012-2013\/\"><span style=\"color: #000000;\">,<\/span><\/a><span style=\"color: #000000;\"> contacter ALAS DANSE par mail ou par t\u00e9l\u00e9phone.<\/span><\/span><\/h4>\n<h3><a href=\"http:\/\/alas-danse.fr\/?page_id=57\"><span style=\"color: #000000;\">Contact<\/span><\/a><\/h3>\n<p><strong><span style=\"text-decoration: underline;\">Des questions ?<\/span><\/strong><\/p>\n<p>Merci de remplir le formulaire ci-dessous pour nous envoyer un message,\u00a0n&rsquo;oubliez pas de pr\u00e9ciser le cours dans lequel vous \u00eates inscrit ou\u00a0dans lequel vous souhaitez vous inscrire.<br \/>\nNous vous r\u00e9pondrons dans les meilleurs d\u00e9lais.<\/p>\n\n<div class=\"wpcf7 no-js\" id=\"wpcf7-f68-o1\" lang=\"fr-FR\" dir=\"ltr\" data-wpcf7-id=\"68\">\n<div class=\"screen-reader-response\"><p role=\"status\" aria-live=\"polite\" aria-atomic=\"true\"><\/p> <ul><\/ul><\/div>\n<form action=\"\/index.php?rest_route=%2Fwp%2Fv2%2Fpages%2F18#wpcf7-f68-o1\" method=\"post\" class=\"wpcf7-form init\" aria-label=\"Formulaire de contact\" novalidate=\"novalidate\" data-status=\"init\">\n<fieldset class=\"hidden-fields-container\"><input type=\"hidden\" name=\"_wpcf7\" value=\"68\" \/><input type=\"hidden\" name=\"_wpcf7_version\" value=\"6.1.1\" \/><input type=\"hidden\" name=\"_wpcf7_locale\" value=\"fr_FR\" \/><input type=\"hidden\" name=\"_wpcf7_unit_tag\" value=\"wpcf7-f68-o1\" \/><input type=\"hidden\" name=\"_wpcf7_container_post\" value=\"0\" \/><input type=\"hidden\" name=\"_wpcf7_posted_data_hash\" value=\"\" \/>\n<\/fieldset>\n<p><label> Votre nom (obligatoire)<br \/>\n<span class=\"wpcf7-form-control-wrap\" data-name=\"your-name\"><input size=\"40\" maxlength=\"400\" class=\"wpcf7-form-control wpcf7-text wpcf7-validates-as-required\" aria-required=\"true\" aria-invalid=\"false\" value=\"\" type=\"text\" name=\"your-name\" \/><\/span> <\/label>\n<\/p>\n<p><label> Votre e-mail (obligatoire)<br \/>\n<span class=\"wpcf7-form-control-wrap\" data-name=\"your-email\"><input size=\"40\" maxlength=\"400\" class=\"wpcf7-form-control wpcf7-email wpcf7-validates-as-required wpcf7-text wpcf7-validates-as-email\" aria-required=\"true\" aria-invalid=\"false\" value=\"\" type=\"email\" name=\"your-email\" \/><\/span> <\/label>\n<\/p>\n<p><label> Sujet<br \/>\n<span class=\"wpcf7-form-control-wrap\" data-name=\"your-subject\"><input size=\"40\" maxlength=\"400\" class=\"wpcf7-form-control wpcf7-text\" aria-invalid=\"false\" value=\"\" type=\"text\" name=\"your-subject\" \/><\/span> <\/label>\n<\/p>\n<p><label> Votre message<br \/>\n<span class=\"wpcf7-form-control-wrap\" data-name=\"your-message\"><textarea cols=\"40\" rows=\"10\" maxlength=\"2000\" class=\"wpcf7-form-control wpcf7-textarea\" aria-invalid=\"false\" name=\"your-message\"><\/textarea><\/span> <\/label>\n<\/p>\n<p><input class=\"wpcf7-form-control wpcf7-submit has-spinner\" type=\"submit\" value=\"Envoyer\" \/>\n<\/p><div class=\"wpcf7-response-output\" aria-hidden=\"true\"><\/div>\n<\/form>\n<\/div>\n\n<p>&nbsp;<\/p>\n","protected":false},"excerpt":{"rendered":"<p>&nbsp; La line-dance est conviviale et accessible \u00e0 tous !!! La line dance, qu&rsquo;est-ce que c&rsquo;est????? Une danse qui se<\/p>\n","protected":false},"author":1,"featured_media":0,"parent":0,"menu_order":1,"comment_status":"closed","ping_status":"closed","template":"","meta":{"colormag_page_container_layout":"no_sidebar_full_width","colormag_page_sidebar_layout":"no_sidebar","footnotes":""},"class_list":["post-18","page","type-page","status-publish","hentry"],"jetpack_sharing_enabled":true,"_links":{"self":[{"href":"https:\/\/alas-danse.fr\/index.php?rest_route=\/wp\/v2\/pages\/18","targetHints":{"allow":["GET"]}}],"collection":[{"href":"https:\/\/alas-danse.fr\/index.php?rest_route=\/wp\/v2\/pages"}],"about":[{"href":"https:\/\/alas-danse.fr\/index.php?rest_route=\/wp\/v2\/types\/page"}],"author":[{"embeddable":true,"href":"https:\/\/alas-danse.fr\/index.php?rest_route=\/wp\/v2\/users\/1"}],"replies":[{"embeddable":true,"href":"https:\/\/alas-danse.fr\/index.php?rest_route=%2Fwp%2Fv2%2Fcomments&post=18"}],"version-history":[{"count":30,"href":"https:\/\/alas-danse.fr\/index.php?rest_route=\/wp\/v2\/pages\/18\/revisions"}],"predecessor-version":[{"id":1408,"href":"https:\/\/alas-danse.fr\/index.php?rest_route=\/wp\/v2\/pages\/18\/revisions\/1408"}],"wp:attachment":[{"href":"https:\/\/alas-danse.fr\/index.php?rest_route=%2Fwp%2Fv2%2Fmedia&parent=18"}],"curies":[{"name":"wp","href":"https:\/\/api.w.org\/{rel}","templated":true}]}}