{"id":22,"date":"2016-11-02T15:24:02","date_gmt":"2016-11-02T14:24:02","guid":{"rendered":"http:\/\/alas-danse.fr\/?page_id=22"},"modified":"2026-05-02T18:33:16","modified_gmt":"2026-05-02T16:33:16","slug":"inscriptions-et-tarifs-saison-2016-2017","status":"publish","type":"page","link":"https:\/\/alas-danse.fr\/?page_id=22","title":{"rendered":"INSCRIPTIONS ET TARIFS SAISON 2026-2027"},"content":{"rendered":"<h3 style=\"text-align: center;\">Comme l&rsquo;ann\u00e9e derni\u00e8re\u00a0l&rsquo;inscription ne se fera que par l&rsquo;interm\u00e9diaire de\u00a0 \u00ab\u00a0HELLOASSO\u00a0\u00bb.<\/h3>\n<p>Paiement\u00a0en\u00a01 fois par\u00a0HELLOASSO.<br \/>\nCours non remboursable.<br \/>\nTarifs adopt\u00e9s en Conseil d&rsquo;Administration le 6 Mars 2026.<\/p>\n<p>&nbsp;<\/p>\n<h3 style=\"text-align: center;\"><span style=\"color: #800080;\">Enfin, nous rappelons que l&rsquo;inscription vaut acceptation du r\u00e8glement int\u00e9rieur.<\/span><\/h3>\n<h3 style=\"text-align: center;\"><a href=\"http:\/\/alas-danse.fr\/wp-content\/uploads\/2026\/05\/reglement-int-auto-diverses-2026-2027.pdf\">r\u00e8glement-int &#8211; auto diverses 2026 2027<\/a><\/h3>\n<h4 style=\"text-align: center;\">\u00a0<span style=\"text-decoration: underline;\">Pour les nouveaux adh\u00e9rents, le premier cours est un cours d&rsquo;essai et \u00e0 l&rsquo;issue de celui-ci vous validerez ou pas votre inscription. (Nous vous rappelons que le nombre de places est limit\u00e9).<\/span><\/h4>\n<h2 style=\"text-align: center;\"><u>Les inscriptions pour la saison 2026-2027 seront ouvertes \u00e0 partir du mercredi 8 Juillet 2026.<\/u><\/h2>\n<h4 style=\"text-align: center;\"><span style=\"color: #ff9900;\">Pour pouvoir faire un cours d&rsquo;essai \u00e0 la rentr\u00e9e, vous devez auparavant vous inscrire par Helloasso. Aucun cours d&rsquo;essai ne sera fait sans inscription.<\/span><\/h4>\n<h4 style=\"text-align: center;\"><span style=\"color: #ff9900;\">Cela permet de bloquer la place et si \u00e0 la fin du premier cours vous ne souhaitez pas continuer cela vous sera rembours\u00e9 imm\u00e9diatement.<\/span><\/h4>\n<h2 style=\"text-align: center;\"><\/h2>\n<h2><a title=\"MODERN JAZZ\" href=\"http:\/\/alas-danse.com\/modern-jazz\/\"><span style=\"text-decoration: underline;\"><span style=\"color: #ff0000; text-decoration: underline;\">MODERN JAZZ<\/span><\/span><\/a><\/h2>\n<table style=\"height: 649px;\" border=\"1\" width=\"640\" cellspacing=\"0\" cellpadding=\"3\">\n<tbody>\n<tr valign=\"top\">\n<td><strong>Cours<\/strong><\/td>\n<td><strong>Cotisations<\/strong><\/td>\n<td><strong>Dur\u00e9e<\/strong><\/td>\n<td><strong>Jour <\/strong><\/td>\n<\/tr>\n<tr valign=\"top\">\n<td>Eveil 5 ans\u00a0et 6 ans<\/td>\n<td style=\"text-align: center;\">130<\/td>\n<td>45 mn<\/td>\n<td>Mercredi<\/td>\n<\/tr>\n<tr valign=\"top\">\n<td>Initiation 7 ans<\/td>\n<td style=\"text-align: center;\">130<\/td>\n<td>45 mn<\/td>\n<td>Mercredi<\/td>\n<\/tr>\n<tr valign=\"top\">\n<td>Pr\u00e9paratoire 8-9 ans<\/td>\n<td style=\"text-align: center;\">140<\/td>\n<td>1H<\/td>\n<td>Mercredi<\/td>\n<\/tr>\n<tr valign=\"top\">\n<td>El\u00e9mentaire 1 (9-10 ans)<\/p>\n<p>El\u00e9mentaire 2 (10-11 ans)<\/td>\n<td style=\"text-align: center;\">140<\/p>\n<p>140<\/td>\n<td>1H<\/p>\n<p>1H<\/td>\n<td>Mercredi<\/p>\n<p>Vendredi<\/td>\n<\/tr>\n<tr valign=\"top\">\n<td>Moyen\u00a0 11-12 ans<\/td>\n<td style=\"text-align: center;\">140<\/td>\n<td>1H<\/td>\n<td>Vendredi<\/td>\n<\/tr>\n<tr valign=\"top\">\n<td>Interm\u00e9diaire 13-16 ans<\/td>\n<td style=\"text-align: center;\">166<\/td>\n<td>1H15<\/td>\n<td>Mercredi<\/td>\n<\/tr>\n<tr valign=\"top\">\n<td>Adulte Moyen \u00e0 partir de 17 ans<\/td>\n<td style=\"text-align: center;\">166<\/td>\n<td>1H15<\/td>\n<td>Mercredi<\/td>\n<\/tr>\n<tr valign=\"top\">\n<td>Adulte avanc\u00e9 \u00e0 partir de 17 ans<\/td>\n<td style=\"text-align: center;\">166<\/td>\n<td>1H15<\/td>\n<td>Mercredi<\/td>\n<\/tr>\n<tr valign=\"top\">\n<td>Adulte Interm\u00e9diaire \u00e0 partir de 17 ans<\/td>\n<td style=\"text-align: center;\">166<\/td>\n<td>1H15<\/td>\n<td>Vendredi<\/td>\n<\/tr>\n<tr valign=\"top\">\n<td>Avanc\u00e9 \u00e0 partir de 17 ans<\/td>\n<td style=\"text-align: center;\">166<\/td>\n<td>1H15<\/td>\n<td>Vendredi<\/td>\n<\/tr>\n<\/tbody>\n<\/table>\n<p>&nbsp;<\/p>\n<h2><a title=\"DANSES EN COUPLE\" href=\"http:\/\/alas-danse.com\/danses-de-salon\/\"><span style=\"text-decoration: underline;\"><span style=\"color: #ff0000; text-decoration: underline;\">DANSE DE COUPLE<\/span><\/span><\/a><\/h2>\n<table border=\"1\" cellspacing=\"0\" cellpadding=\"3\">\n<tbody>\n<tr valign=\"top\">\n<td><strong>Cours<\/strong><\/td>\n<td><strong>Cotisations* <\/strong><\/td>\n<td><strong>Dur\u00e9e<\/strong><\/td>\n<td><strong>Jour <\/strong><\/td>\n<\/tr>\n<tr valign=\"top\">\n<td>Cours\u00a0d\u00e9butants<\/td>\n<td style=\"text-align: center;\">140<\/td>\n<td>1 heure<\/td>\n<td>Mardi<\/td>\n<\/tr>\n<tr valign=\"top\">\n<td>Cours Interm\u00e9diaire\/avanc\u00e9<span style=\"color: #ff0000;\">\u00a0<\/span><\/td>\n<td style=\"text-align: center;\">140<\/td>\n<td>1 heure<\/td>\n<td>Jeudi<\/td>\n<\/tr>\n<\/tbody>\n<\/table>\n<p>* Les cours d\u00e9butants auront lieu si au moins 5 couples sont inscrits par cour<\/p>\n<h2><a title=\"LUDIDANSE\" href=\"http:\/\/alas-danse.com\/danses-en-ligne-ludidanse\/\"><span style=\"text-decoration: underline;\"><span style=\"color: #ff0000; text-decoration: underline;\">MULTIDANSES<\/span><\/span><\/a><\/h2>\n<table border=\"1\" cellspacing=\"0\" cellpadding=\"3\">\n<tbody>\n<tr valign=\"top\">\n<td><strong>Cours<\/strong><\/td>\n<td><strong>Cotisations*<\/strong><\/td>\n<td><strong>Dur\u00e9e<\/strong><\/td>\n<td><strong>Jour<\/strong><\/td>\n<\/tr>\n<tr valign=\"top\">\n<td>D\u00e9butant ou interm\u00e9diaire\/avanc\u00e9<\/td>\n<td style=\"text-align: center;\">140<\/td>\n<td>1\u00a0heure<\/td>\n<td>Mardi<\/td>\n<\/tr>\n<\/tbody>\n<\/table>\n<h2><a title=\"LINE DANCE\" href=\"http:\/\/alas-danse.com\/country\/\"><span style=\"text-decoration: underline;\"><span style=\"color: #ff0000; text-decoration: underline;\"><br \/>\nLINE DANCE<\/span><\/span><\/a><\/h2>\n<table border=\"1\" cellspacing=\"0\" cellpadding=\"3\">\n<tbody>\n<tr valign=\"top\">\n<td><strong>Cours<\/strong><\/td>\n<td><strong>Cotisations *<\/strong><\/td>\n<td><strong>Dur\u00e9e<\/strong><\/td>\n<td><strong>Jour <\/strong><\/td>\n<\/tr>\n<tr valign=\"top\">\n<td>D\u00e9butant\u00a0,novice et interm\u00e9diaire<\/td>\n<td style=\"text-align: center;\">96<\/td>\n<td>1 Heure<\/td>\n<td>Mardi<\/td>\n<\/tr>\n<\/tbody>\n<\/table>\n<p>&nbsp;<\/p>\n<h2><a title=\"DANSES ORIENTALES\" href=\"http:\/\/alas-danse.com\/danses-orientales\/\"><span style=\"text-decoration: underline;\"><span style=\"color: #ff0000; text-decoration: underline;\">DANSE <\/span><span style=\"color: #ff0000; text-decoration: underline;\">ORIENTALE<\/span><\/span><\/a><\/h2>\n<table border=\"1\" cellspacing=\"0\" cellpadding=\"3\">\n<tbody>\n<tr valign=\"top\">\n<td><strong>Cours<\/strong><\/td>\n<td><strong>Cotisations* <\/strong><\/td>\n<td><strong>Dur\u00e9e<\/strong><\/td>\n<td><strong>Jour <\/strong><\/td>\n<\/tr>\n<tr valign=\"top\">\n<td>D\u00e9butant\/initi\u00e9<\/td>\n<td style=\"text-align: center;\">140<\/td>\n<td>1H Heure<\/td>\n<td>Lundi<\/td>\n<\/tr>\n<tr valign=\"top\">\n<td>Interm\u00e9diaire\/avanc\u00e9<\/td>\n<td style=\"text-align: center;\">140<\/td>\n<td>1H Heure<\/td>\n<td>Lundi<\/td>\n<\/tr>\n<\/tbody>\n<\/table>\n<h5><\/h5>\n<h2><a href=\"http:\/\/alas-danse.fr\/?page_id=1179\"><span style=\"text-decoration: underline;\"><span style=\"color: #ff0000; text-decoration: underline;\">LADY STYLE<\/span><\/span><\/a><\/h2>\n<table border=\"1\" cellspacing=\"0\" cellpadding=\"3\">\n<tbody>\n<tr valign=\"top\">\n<td><strong>Cours<\/strong><\/td>\n<td><strong>Cotisations* <\/strong><\/td>\n<td><strong>Dur\u00e9e<\/strong><\/td>\n<td><strong>Jour <\/strong><\/td>\n<\/tr>\n<tr valign=\"top\">\n<td>D\u00e9butant ou Interm\u00e9diaire<\/td>\n<td style=\"text-align: center;\">140<\/td>\n<td>1 H<\/td>\n<td>Lundi<\/td>\n<\/tr>\n<tr valign=\"top\">\n<td>Interm\u00e9diaire\/Avanc\u00e9<\/td>\n<td style=\"text-align: center;\">166<\/td>\n<td>1 H15<\/td>\n<td>Lundi<\/td>\n<\/tr>\n<\/tbody>\n<\/table>\n<p>&nbsp;<\/p>\n<h2><span style=\"text-decoration: underline; color: #ff0000;\">DANSES BIEN ETRE<\/span><\/h2>\n<table border=\"1\" cellspacing=\"0\" cellpadding=\"3\">\n<tbody>\n<tr valign=\"top\">\n<td><strong>Cours<\/strong><\/td>\n<td><strong>Cotisations*<\/strong><\/td>\n<td><strong>Dur\u00e9e<\/strong><\/td>\n<td><strong>Jour<\/strong><\/td>\n<\/tr>\n<tr valign=\"top\">\n<td>Tous niveaux<\/td>\n<td style=\"text-align: center;\">140<\/td>\n<td>1 H<\/td>\n<td>Mardi<\/td>\n<\/tr>\n<\/tbody>\n<\/table>\n<p>&nbsp;<\/p>\n","protected":false},"excerpt":{"rendered":"<p>Comme l&rsquo;ann\u00e9e derni\u00e8re\u00a0l&rsquo;inscription ne se fera que par l&rsquo;interm\u00e9diaire de\u00a0 \u00ab\u00a0HELLOASSO\u00a0\u00bb. Paiement\u00a0en\u00a01 fois par\u00a0HELLOASSO. Cours non remboursable. Tarifs adopt\u00e9s en<\/p>\n","protected":false},"author":1,"featured_media":0,"parent":0,"menu_order":0,"comment_status":"closed","ping_status":"closed","template":"","meta":{"colormag_page_container_layout":"no_sidebar_full_width","colormag_page_sidebar_layout":"no_sidebar","footnotes":""},"class_list":["post-22","page","type-page","status-publish","hentry"],"jetpack_sharing_enabled":true,"_links":{"self":[{"href":"https:\/\/alas-danse.fr\/index.php?rest_route=\/wp\/v2\/pages\/22","targetHints":{"allow":["GET"]}}],"collection":[{"href":"https:\/\/alas-danse.fr\/index.php?rest_route=\/wp\/v2\/pages"}],"about":[{"href":"https:\/\/alas-danse.fr\/index.php?rest_route=\/wp\/v2\/types\/page"}],"author":[{"embeddable":true,"href":"https:\/\/alas-danse.fr\/index.php?rest_route=\/wp\/v2\/users\/1"}],"replies":[{"embeddable":true,"href":"https:\/\/alas-danse.fr\/index.php?rest_route=%2Fwp%2Fv2%2Fcomments&post=22"}],"version-history":[{"count":216,"href":"https:\/\/alas-danse.fr\/index.php?rest_route=\/wp\/v2\/pages\/22\/revisions"}],"predecessor-version":[{"id":1493,"href":"https:\/\/alas-danse.fr\/index.php?rest_route=\/wp\/v2\/pages\/22\/revisions\/1493"}],"wp:attachment":[{"href":"https:\/\/alas-danse.fr\/index.php?rest_route=%2Fwp%2Fv2%2Fmedia&parent=22"}],"curies":[{"name":"wp","href":"https:\/\/api.w.org\/{rel}","templated":true}]}}