{"id":411,"date":"2019-05-04T16:04:34","date_gmt":"2019-05-04T14:04:34","guid":{"rendered":"http:\/\/alas-danse.fr\/?page_id=411"},"modified":"2019-05-04T16:24:28","modified_gmt":"2019-05-04T14:24:28","slug":"protection-des-donnees-personnelles","status":"publish","type":"page","link":"https:\/\/alas-danse.fr\/?page_id=411","title":{"rendered":"Protection des donn\u00e9es personnelles"},"content":{"rendered":"<h4 style=\"text-align: left;\"><strong>Information concernant l&rsquo;utilisation des cookies<\/strong><\/h4>\n<p>En consultant le site web \u00e9dit\u00e9 par ALAS Danse, il est possible que des cookies soient d\u00e9pos\u00e9s sur votre terminal ; sous r\u00e9serve, bien s\u00fbr, des choix que vous auriez exprim\u00e9s et que vous pouvez modifier \u00e0 tout moment.<\/p>\n<p>&nbsp;<\/p>\n<h4>Politique de protection des donn\u00e9es \u00e0 caract\u00e8res personnelles<\/h4>\n<p>ALAS Danse apporte une attention particuli\u00e8re \u00e0 la protection des donn\u00e9es \u00e0 caract\u00e8re personnelles. C\u2019est pour elle un \u00e9l\u00e9ment essentiel dans la relation de confiance qu\u2019elle souhaite \u00e9tablir avec tous ceux qui lui confient leurs donn\u00e9es \u00e0 caract\u00e8re personnelles. La pr\u00e9sente politique s\u2019applique \u00e0 toute personne ayant partag\u00e9 ses donn\u00e9es avec l\u2019association ALAS Danse au travers des sites internet \/ formulaire \/ billetterie des spectacles \/ etc.. L\u2019association ALAS Danse s\u2019engage \u00e0 traiter les donn\u00e9es personnelles collect\u00e9es dans le respect des lois et r\u00e9glementations applicables, et notamment la loi n\u00b0 78-17 du 6 janvier 1978 modifi\u00e9e relative \u00e0 l&rsquo;informatique, aux fichiers et aux libert\u00e9s (\u00ab LOI INFORMATIQUE ET LIBERT\u00c9S \u00bb), et le R\u00e8glement (UE) 2016\/679 du Parlement europ\u00e9en et du Conseil du 27 avril 2016 relatif \u00e0 la protection des personnes physiques \u00e0 l&rsquo;\u00e9gard du traitement des donn\u00e9es \u00e0 caract\u00e8re personnel et \u00e0 la libre circulation de ces donn\u00e9es (\u00ab R\u00c8GLEMENT RGPD \u00bb). En cas de modification ou de mise \u00e0 jour, la charte r\u00e9vis\u00e9e sera notamment mise en ligne sur ce site avec mention de la derni\u00e8re date de mise \u00e0 jour. Vous devez en cons\u00e9quence v\u00e9rifier r\u00e9guli\u00e8rement ce site pour rester inform\u00e9 de tout changement ou de mise \u00e0 jour de la politique de protection des donn\u00e9es personnelles de l\u2019association ALAS Danse.<\/p>\n<p>&nbsp;<\/p>\n<p><strong>Type de donn\u00e9es collect\u00e9es :<\/strong><br \/>\nLes donn\u00e9es collect\u00e9es sont relatives \u00e0 votre identit\u00e9 ou votre participation aux \u00e9v\u00e8nements de l\u2019association :<br \/>\n&#8211; Nom<br \/>\n&#8211; Pr\u00e9nom<br \/>\n&#8211; Adresse<br \/>\n&#8211; adresse mail<br \/>\n&#8211; N\u00b0 de t\u00e9l\u00e9phone<br \/>\n&#8211; Donn\u00e9es de connexions aux sites internet par le biais de Cookies<\/p>\n<h4>Formulaires de contact :<\/h4>\n<p>L\u2019association ALAS Danse collecte vos donn\u00e9es directement aupr\u00e8s de vous lorsque notamment vous remplissez un formulaire de contact ou d\u2019inscription ou que vous vous adressez \u00e0 l\u2019association (par exemple en lui adressant un courrier \u00e9lectronique).<\/p>\n<h4>Finalit\u00e9 des donn\u00e9es collect\u00e9es \/ Pourquoi vos donn\u00e9es sont-elles collect\u00e9es ?<\/h4>\n<p>Les donn\u00e9es personnelles qui sont collect\u00e9es directement ou indirectement (donn\u00e9es de connexion) r\u00e9pondent \u00e0 des finalit\u00e9s explicites, l\u00e9gitimes et d\u00e9termin\u00e9es.<\/p>\n<p>Si vous \u00eates adh\u00e9rent, sur la base de l\u2019ex\u00e9cution de l\u2019inscription conclu avec l\u2019association ALAS Danse (r\u00e8glement int\u00e9rieur), vos donn\u00e9es sont trait\u00e9es pour g\u00e9rer vos demandes d\u2019inscription ; participation aux \u00e9v\u00e8nements que nous organisons.<\/p>\n<p>Dans une perspective d\u2019am\u00e9lioration continue des \u00e9v\u00e9nements qu\u2019elle organise, vos donn\u00e9es sont aussi trait\u00e9es par l\u2019association ALAS Danse pour vous adresser des enqu\u00eates sur ses \u00e9v\u00e9nements et analyser les r\u00e9sultats.<\/p>\n<h4>DESTINATAIRES DES DONN\u00c9ES PERSONNELLES<\/h4>\n<p>Vos donn\u00e9es sont trait\u00e9es par le bureau de l\u2019association ALAS Danse. En outre, seuls les professeurs limitativement habilit\u00e9s sont autoris\u00e9s \u00e0 acc\u00e9der \u00e0 vos donn\u00e9es et ce, eu \u00e9gard aux prestations sp\u00e9cifiques qui leur sont confi\u00e9es et qu\u2019ils doivent r\u00e9aliser pour le compte exclusif de l\u2019association dans le strict respect d\u2019obligations notamment de s\u00e9curit\u00e9 et de confidentialit\u00e9.<\/p>\n<p>Lorsque la r\u00e9glementation en vigueur l\u2019exige, l\u2019association ALAS Danse est susceptible de transmettre vos donn\u00e9es aux organismes et autorit\u00e9s l\u00e9galement autoris\u00e9s \u00e0 y acc\u00e9der (notamment les autorit\u00e9s judiciaires et administratives).<\/p>\n<h4>CONSERVATION DES DONN\u00c9ES PERSONNELLES<\/h4>\n<p>L\u2019association ALAS Danse conserve les donn\u00e9es personnelles uniquement pour la dur\u00e9e n\u00e9cessaire aux traitements mis en \u0153uvre. Les donn\u00e9es personnelles utilis\u00e9es \u00e0 des fins de communication sont conserv\u00e9es <strong>pendant 3 ans<\/strong> \u00e0 partir du moment o\u00f9 la personne a interagi avec l\u2019association ALAS Danse. Dans le cadre de ses obligations l\u00e9gales ou conventionnelles de conservation, l\u2019association ALAS Danse peut \u00eatre amen\u00e9e \u00e0 conserver les donn\u00e9es personnelles pour une dur\u00e9e plus longue. En cas de d\u00e9sinscription de communications diverses, les donn\u00e9es personnelles permettant de contacter la personne sont conserv\u00e9es dans la liste de d\u00e9sinscription afin de veiller \u00e0 ce qu\u2019elle ne soit plus destinataire de telles communications.<\/p>\n<h4>S\u00c9CURIT\u00c9 DES DONN\u00c9ES PERSONNELLES<\/h4>\n<p>L\u2019association ALAS Danse met en place les mesures de nature \u00e0 assurer la protection de la confidentialit\u00e9 et la s\u00e9curit\u00e9 des donn\u00e9es personnelles collect\u00e9es dans le cadre de ses activit\u00e9s.<\/p>\n<p>L\u2019association ALAS Danse veille en outre \u00e0 ce que ses professeurs susceptibles d\u2019avoir connaissance des donn\u00e9es personnelles respectent la m\u00eame confidentialit\u00e9.<\/p>\n<p>Toutefois, le r\u00e9seau Internet \u00e9tant ouvert \u00e0 tous et non s\u00e9curis\u00e9, l\u2019association ALAS Danse ne peut pas \u00eatre tenue pour responsable de la s\u00e9curit\u00e9 des transmissions des donn\u00e9es personnelles par Internet.<\/p>\n<h4>EXERCICE DES DROITS<\/h4>\n<p>Toute personne dispose :<\/p>\n<p>&#8211; Des droits d\u2019acc\u00e8s et de rectification permettant de faire rectifier, compl\u00e9ter, mettre \u00e0 jour ou effacer ses donn\u00e9es personnelles ;<br \/>\n&#8211; Du droit de demander la limitation du traitement de ses donn\u00e9es personnelles ;<br \/>\n&#8211; Du droit d\u2019opposition pour motif l\u00e9gitime au traitement de ses donn\u00e9es personnelles.<br \/>\n&#8211; Elle peut \u00e9galement, \u00e0 tout moment et sans motif, s\u2019opposer au traitement de ses donn\u00e9es personnelles \u00e0 des fins de communication.<\/p>\n<p>Ces droits peuvent \u00eatre exerc\u00e9s aupr\u00e8s du D\u00e9l\u00e9gu\u00e9 \u00e0 la Protections des Donn\u00e9es de l\u2019association ALAS Danse <span style=\"color: #008000;\">(joindre la copie d\u2019un titre d\u2019identit\u00e9)<\/span> : LECLERC CORINNE Adresse mail : alas.danse@laposte.net.<\/p>\n<p>En outre, une r\u00e9clamation aupr\u00e8s de la CNIL peut \u00eatre faite \u00e0 tout moment (3 Place de Fontenoy, 75007 Paris).<\/p>\n<p>&nbsp;<\/p>\n<p style=\"text-align: center;\">Pour toute pr\u00e9cision compl\u00e9mentaire sur la politique de protection des donn\u00e9es personnelles mise en place par l\u2019association ALAS Danse<\/p>\n<p style=\"text-align: center;\">Contactez :<\/p>\n<h4 style=\"text-align: center;\">alas.danse@laposte.net<\/h4>\n","protected":false},"excerpt":{"rendered":"<p>Information concernant l&rsquo;utilisation des cookies En consultant le site web \u00e9dit\u00e9 par ALAS Danse, il est possible que des cookies<\/p>\n","protected":false},"author":1,"featured_media":0,"parent":0,"menu_order":0,"comment_status":"closed","ping_status":"closed","template":"","meta":{"colormag_page_container_layout":"default_layout","colormag_page_sidebar_layout":"default_layout","footnotes":""},"class_list":["post-411","page","type-page","status-publish","hentry"],"jetpack_sharing_enabled":true,"_links":{"self":[{"href":"https:\/\/alas-danse.fr\/index.php?rest_route=\/wp\/v2\/pages\/411","targetHints":{"allow":["GET"]}}],"collection":[{"href":"https:\/\/alas-danse.fr\/index.php?rest_route=\/wp\/v2\/pages"}],"about":[{"href":"https:\/\/alas-danse.fr\/index.php?rest_route=\/wp\/v2\/types\/page"}],"author":[{"embeddable":true,"href":"https:\/\/alas-danse.fr\/index.php?rest_route=\/wp\/v2\/users\/1"}],"replies":[{"embeddable":true,"href":"https:\/\/alas-danse.fr\/index.php?rest_route=%2Fwp%2Fv2%2Fcomments&post=411"}],"version-history":[{"count":4,"href":"https:\/\/alas-danse.fr\/index.php?rest_route=\/wp\/v2\/pages\/411\/revisions"}],"predecessor-version":[{"id":422,"href":"https:\/\/alas-danse.fr\/index.php?rest_route=\/wp\/v2\/pages\/411\/revisions\/422"}],"wp:attachment":[{"href":"https:\/\/alas-danse.fr\/index.php?rest_route=%2Fwp%2Fv2%2Fmedia&parent=411"}],"curies":[{"name":"wp","href":"https:\/\/api.w.org\/{rel}","templated":true}]}}