{"id":553,"date":"2020-03-27T17:10:46","date_gmt":"2020-03-27T16:10:46","guid":{"rendered":"http:\/\/alas-danse.fr\/?page_id=553"},"modified":"2026-02-18T21:00:45","modified_gmt":"2026-02-18T20:00:45","slug":"cours-intermediaire","status":"publish","type":"page","link":"https:\/\/alas-danse.fr\/?page_id=553","title":{"rendered":"COURS INTERMEDIAIRE 2025-2026"},"content":{"rendered":"<p>Voici les danses que l&rsquo;on a apprises pendant la 1\u00e8re p\u00e9riode (septembre-octobre 2025).<\/p>\n<p>Le lien vous dirige vers la page du site CopperKnob qui correspond \u00e0 la danse. Vous faites d\u00e9filer.<\/p>\n<p>Dans la partie gauche, il y a la fiche de pas ( stepsheet in english!) qui est, le plus souvent, \u00e9crite en anglais, mais certaines sont en fran\u00e7ais (quand le lien se termine par \u00ab\u00a0fr\u00a0\u00bb) si cela vous tente de r\u00e9viser \u00e0 partir de la fiche&#8230;.<\/p>\n<p>&nbsp;<\/p>\n<p>Dans le bandeau de droite, il y a d&rsquo;abord la musique qui vous dirige vers You Tube, puis des vid\u00e9os de d\u00e9mos de la danse et ensuite des vid\u00e9os de tutos (teach) o\u00f9 la danse est expliqu\u00e9e, encore une fois plut\u00f4t en anglais (ou en chinois ce qui ne nous avance pas beaucoup, j&rsquo;en conviens!!!).<\/p>\n<p>Certaines vid\u00e9os sont faites par les chor\u00e9graphes!!!<\/p>\n<h3>Danses enseign\u00e9es &#8211; Niveau interm\u00e9diaire &#8211; 1\u00e8re p\u00e9riode 2025\/2026<\/h3>\n<table style=\"height: 817px;\" border=\"1\" width=\"1052\" cellspacing=\"0\" cellpadding=\"4\">\n<tbody>\n<tr valign=\"TOP\">\n<td width=\"50%\"><span style=\"color: #000000;\"><span style=\"font-family: Comic Sans MS, Comic Sans MS, sans-serif;\"><span style=\"font-size: medium;\">Chor\u00e9s et chor\u00e9graphes<\/span><\/span><\/span><\/td>\n<td width=\"50%\"><span style=\"color: #000000;\"><span style=\"font-family: Comic Sans MS, Comic Sans MS, sans-serif;\"><span style=\"font-size: medium;\">Liens CopperKnob <\/span><\/span><\/span><\/td>\n<\/tr>\n<tr valign=\"TOP\">\n<td width=\"50%\"><span style=\"color: #000000;\"><span style=\"font-family: Comic Sans MS, Comic Sans MS, sans-serif;\"><span style=\"font-size: medium;\">Take me to the Beach<\/span><\/span><\/span><span style=\"color: #000000;\"><span style=\"font-family: Comic Sans MS, Comic Sans MS, sans-serif;\"><span style=\"font-size: medium;\">Debbie Rushton,Gr\u00e9gory Danvoie, Mike Liadouze &amp; Guillaume Richard<\/span><\/span><\/span><\/td>\n<td width=\"50%\"><a href=\"https:\/\/www.copperknob.co.uk\/stepsheets\/188882\/take-me-to-the-beach\"><span style=\"color: #0000ff;\"><span style=\"font-family: Comic Sans MS, cursive;\"><span style=\"font-size: medium;\">https:\/\/www.copperknob.co.uk\/stepsheets\/188882\/take-me-to-the-beach<\/span><\/span><\/span><\/a><\/td>\n<\/tr>\n<tr valign=\"TOP\">\n<td width=\"50%\"><span style=\"color: #000000;\"><span style=\"font-family: Comic Sans MS, Comic Sans MS, sans-serif;\"><span style=\"font-size: medium;\">Fantasia Fusion<\/span><\/span><\/span><span style=\"color: #000000;\"><span style=\"font-family: Comic Sans MS, Comic Sans MS, sans-serif;\"><span style=\"font-size: medium;\">Fred Whitehouse &amp; Shane Mc Keever<\/span><\/span><\/span><\/td>\n<td width=\"50%\"><a href=\"https:\/\/www.copperknob.co.uk\/stepsheets\/193699\/fantasia-fusion\"><span style=\"color: #0000ff;\"><span style=\"font-family: Comic Sans MS, cursive;\"><span style=\"font-size: medium;\">https:\/\/www.copperknob.co.uk\/stepsheets\/193699\/fantasia-fusion<\/span><\/span><\/span><\/a><\/td>\n<\/tr>\n<tr valign=\"TOP\">\n<td width=\"50%\"><span style=\"color: #000000;\"><span style=\"font-family: Comic Sans MS, Comic Sans MS, sans-serif;\"><span style=\"font-size: medium;\">Don&rsquo;t Click Play<\/span><\/span><\/span><span style=\"color: #000000;\"><span style=\"font-family: Comic Sans MS, Comic Sans MS, sans-serif;\"><span style=\"font-size: medium;\">Debbie Rushton, Chris Jacques &amp; Guillaume Richard<\/span><\/span><\/span><\/td>\n<td width=\"50%\"><a href=\"https:\/\/www.copperknob.co.uk\/stepsheets\/201571\/dont-click-play\"><span style=\"color: #0000ff;\"><span style=\"font-family: Comic Sans MS, cursive;\"><span style=\"font-size: medium;\">https:\/\/www.copperknob.co.uk\/stepsheets\/201571\/dont-click-play<\/span><\/span><\/span><\/a><\/td>\n<\/tr>\n<tr valign=\"TOP\">\n<td width=\"50%\"><span style=\"color: #000000;\"><span style=\"font-family: Comic Sans MS, Comic Sans MS, sans-serif;\"><span style=\"font-size: medium;\">Azizam<\/span><\/span><\/span><span style=\"color: #000000;\"><span style=\"font-family: Comic Sans MS, Comic Sans MS, sans-serif;\"><span style=\"font-size: medium;\">Amy Bailey, Simon Ward &amp; JP Madge<\/span><\/span><\/span><\/td>\n<td width=\"50%\"><a href=\"https:\/\/www.copperknob.co.uk\/stepsheets\/195100\/azizam\"><span style=\"color: #0000ff;\"><span style=\"font-family: Comic Sans MS, cursive;\"><span style=\"font-size: medium;\">https:\/\/www.copperknob.co.uk\/stepsheets\/195100\/azizam<\/span><\/span><\/span><\/a><\/td>\n<\/tr>\n<tr valign=\"TOP\">\n<td width=\"50%\"><span style=\"color: #000000;\"><span style=\"font-family: Comic Sans MS, Comic Sans MS, sans-serif;\"><span style=\"font-size: medium;\">No Remorse<\/span><\/span><\/span><span style=\"color: #000000;\"><span style=\"font-family: Comic Sans MS, Comic Sans MS, sans-serif;\"><span style=\"font-size: medium;\">Simon Ward &amp; Niels Poulsen<\/span><\/span><\/span><\/td>\n<td width=\"50%\"><a href=\"https:\/\/www.copperknob.co.uk\/stepsheets\/194591\/no-remorse\"><span style=\"color: #0000ff;\"><span style=\"font-family: Comic Sans MS, cursive;\"><span style=\"font-size: medium;\">https:\/\/www.copperknob.co.uk\/stepsheets\/194591\/no-remorse<\/span><\/span><\/span><\/a><\/td>\n<\/tr>\n<tr valign=\"TOP\">\n<td width=\"50%\"><span style=\"color: #000000;\"><span style=\"font-family: Comic Sans MS, Comic Sans MS, sans-serif;\"><span style=\"font-size: medium;\">Hold me NOW<\/span><\/span><\/span><span style=\"color: #000000;\"><span style=\"font-family: Comic Sans MS, Comic Sans MS, sans-serif;\"><span style=\"font-size: medium;\">Jonas Dahlgren, Raymond Sarlemijn &amp; Roy Hadisubroto<\/span><\/span><\/span><\/td>\n<td width=\"50%\"><a href=\"https:\/\/www.copperknob.co.uk\/stepsheets\/181438\/hold-me-now\"><span style=\"color: #0000ff;\"><span style=\"font-family: Comic Sans MS, cursive;\"><span style=\"font-size: medium;\">https:\/\/www.copperknob.co.uk\/stepsheets\/181438\/hold-me-now<\/span><\/span><\/span><\/a><\/td>\n<\/tr>\n<tr valign=\"TOP\">\n<td width=\"50%\"><span style=\"color: #000000;\"><span style=\"font-family: Comic Sans MS, Comic Sans MS, sans-serif;\"><span style=\"font-size: medium;\">For the Glory<\/span><\/span><\/span><span style=\"color: #000000;\"><span style=\"font-family: Comic Sans MS, Comic Sans MS, sans-serif;\"><span style=\"font-size: medium;\">Romain Brasme &amp; Marlon Ronkes<\/span><\/span><\/span><\/td>\n<td width=\"50%\"><a href=\"https:\/\/www.copperknob.co.uk\/stepsheets\/194068\/for-the-glory\"><span style=\"color: #0000ff;\"><span style=\"font-family: Comic Sans MS, cursive;\"><span style=\"font-size: medium;\">https:\/\/www.copperknob.co.uk\/stepsheets\/194068\/for-the-glory<\/span><\/span><\/span><\/a><\/td>\n<\/tr>\n<\/tbody>\n<\/table>\n<h3><\/h3>\n<h3 style=\"text-align: left;\" align=\"CENTER\"><span style=\"font-family: Comic Sans MS, cursive;\">Danses enseign\u00e9es &#8211; Niveau interm\u00e9diaire &#8211; 2\u00e8me p\u00e9riode 2025\/2026<\/span><\/h3>\n<table style=\"height: 586px;\" border=\"1\" width=\"1068\" cellspacing=\"0\" cellpadding=\"5\">\n<tbody>\n<tr valign=\"TOP\">\n<td width=\"167\"><span style=\"font-family: Comic Sans MS, cursive;\"><span style=\"font-size: medium;\">Chor\u00e9s et chor\u00e9graphes<\/span><\/span><\/td>\n<td width=\"427\"><span style=\"font-family: Comic Sans MS, cursive;\"><span style=\"font-size: medium;\">Liens CopperKnob<\/span><\/span><\/td>\n<\/tr>\n<tr valign=\"TOP\">\n<td width=\"167\">\n<p lang=\"en-GB\"><span style=\"font-family: Comic Sans MS, cursive;\"><span style=\"font-size: medium;\"><u>Double Up<\/u><\/span><\/span><\/p>\n<p lang=\"en-GB\"><span style=\"font-family: Comic Sans MS, cursive;\"><span style=\"font-size: medium;\">Amy &amp; Darren Bailey<\/span><\/span><\/p>\n<\/td>\n<td width=\"427\"><a href=\"https:\/\/www.copperknob.co.uk\/stepsheets\/203415\/double-up\"><span style=\"color: #0000ff;\"><u><span style=\"font-family: Comic Sans MS, cursive;\"><span style=\"font-size: medium;\"><span lang=\"en-GB\">https:\/\/www.copperknob.co.uk\/stepsheets\/203415\/double-up<\/span><\/span><\/span><\/u><\/span><\/a><\/td>\n<\/tr>\n<tr valign=\"TOP\">\n<td width=\"167\">\n<p lang=\"en-GB\"><span style=\"font-family: Comic Sans MS, cursive;\"><span style=\"font-size: medium;\"><u>Haide<\/u><\/span><\/span><\/p>\n<p lang=\"en-GB\"><span style=\"font-family: Comic Sans MS, cursive;\"><span style=\"font-size: medium;\">Triple X<\/span><\/span><\/p>\n<\/td>\n<td width=\"427\"><a href=\"https:\/\/www.copperknob.co.uk\/stepsheets\/186123\/haide\"><span style=\"font-family: 'Comic Sans MS', cursive; color: #0000ff;\">https:\/\/www.copperknob.co.uk\/stepsheets\/186123\/haide<\/span><\/a><\/td>\n<\/tr>\n<tr valign=\"TOP\">\n<td width=\"167\">\n<p lang=\"en-GB\"><span style=\"font-family: Comic Sans MS, cursive;\"><span style=\"font-size: medium;\"><u>Things I Regret<\/u><\/span><\/span><\/p>\n<p lang=\"en-GB\"><span style=\"font-family: Comic Sans MS, cursive;\"><span style=\"font-size: medium;\">Team Roquebrune<\/span><\/span><\/p>\n<\/td>\n<td width=\"427\"><a href=\"https:\/\/www.copperknob.co.uk\/stepsheets\/204714\/things-i-regret\"><span style=\"color: #0000ff;\"><u><span style=\"font-family: Comic Sans MS, cursive;\"><span style=\"font-size: medium;\"><span lang=\"en-GB\">https:\/\/www.copperknob.co.uk\/stepsheets\/204714\/things-i-regret<\/span><\/span><\/span><\/u><\/span><\/a><\/td>\n<\/tr>\n<tr valign=\"TOP\">\n<td width=\"167\">\n<p lang=\"en-GB\"><span style=\"font-family: Comic Sans MS, cursive;\"><span style=\"font-size: medium;\"><u>Dance your Jingle Bells off<\/u><\/span><\/span><\/p>\n<p lang=\"en-GB\"><span style=\"font-family: Comic Sans MS, cursive;\"><span style=\"font-size: medium;\">Sandy Kerrigan<\/span><\/span><\/p>\n<\/td>\n<td width=\"427\"><a href=\"https:\/\/www.copperknob.co.uk\/stepsheets\/205071\/dance-your-jingle-bells-off-circle-dance\"><span style=\"color: #0000ff;\"><span style=\"font-family: Comic Sans MS, cursive;\"><span style=\"font-size: medium;\"><span lang=\"en-GB\">https:\/\/www.copperknob.co.uk\/stepsheets\/205071\/dance-your-jingle-bells-off-circle-dance<\/span><\/span><\/span><\/span><\/a><\/td>\n<\/tr>\n<\/tbody>\n<\/table>\n<p align=\"CENTER\">\n<h3 style=\"text-align: left;\" align=\"CENTER\"><span style=\"color: #000000;\"><span style=\"font-family: Comic Sans MS, Comic Sans MS, sans-serif;\"><span style=\"font-size: medium;\">Danses enseign\u00e9es &#8211; Niveau interm\u00e9diaire &#8211; 3\u00e8me<\/span><\/span><\/span> <span style=\"font-family: Comic Sans MS, cursive;\">p\u00e9riode 2025\/2026<\/span><\/h3>\n<p>&nbsp;<\/p>\n<table border=\"1\" width=\"100%\" cellspacing=\"0\" cellpadding=\"4\">\n<tbody>\n<tr valign=\"TOP\">\n<td width=\"50%\"><span style=\"color: #000000;\"><span style=\"font-family: Comic Sans MS, Comic Sans MS, sans-serif;\"><span style=\"font-size: medium;\">Chor\u00e9s et chor\u00e9graphes<\/span><\/span><\/span><\/td>\n<td width=\"50%\"><span style=\"color: #000000;\"><span style=\"font-family: Comic Sans MS, Comic Sans MS, sans-serif;\"><span style=\"font-size: medium;\">Liens CopperKnob <\/span><\/span><\/span><\/td>\n<\/tr>\n<tr valign=\"TOP\">\n<td width=\"50%\"><span style=\"color: #000000;\"><span style=\"font-family: Comic Sans MS, Comic Sans MS, sans-serif;\"><span style=\"font-size: medium;\"><u>Heard the Beat<\/u><\/span><\/span><\/span><\/p>\n<p><span style=\"color: #000000;\"><span style=\"font-family: Comic Sans MS, Comic Sans MS, sans-serif;\"><span style=\"font-size: medium;\">Jos\u00e9 Miguel Belloque Vane &amp; JP Madge<\/span><\/span><\/span><\/td>\n<td width=\"50%\"><a href=\"https:\/\/www.copperknob.co.uk\/stepsheets\/190090\/heard-the-beat\"><span style=\"color: #0000ff;\"><span style=\"font-family: Comic Sans MS, cursive;\"><span style=\"font-size: medium;\">https:\/\/www.copperknob.co.uk\/stepsheets\/190090\/heard-the-beat<\/span><\/span><\/span><\/a><\/td>\n<\/tr>\n<tr valign=\"TOP\">\n<td width=\"50%\"><span style=\"color: #000000;\"><span style=\"font-family: Comic Sans MS, Comic Sans MS, sans-serif;\"><span style=\"font-size: medium;\"><u>Ohhh My God<\/u><\/span><\/span><\/span><\/p>\n<p><span style=\"color: #000000;\"><span style=\"font-family: Comic Sans MS, Comic Sans MS, sans-serif;\"><span style=\"font-size: medium;\">Roy Verdonk, Raymond Sarlemijn &amp; Gr\u00e9gory Danvoie<\/span><\/span><\/span><\/td>\n<td width=\"50%\"><a href=\"https:\/\/www.copperknob.co.uk\/stepsheets\/191509\/ohhh-my-god\"><span style=\"color: #0000ff;\"><span style=\"font-family: Comic Sans MS, cursive;\"><span style=\"font-size: medium;\">https:\/\/www.copperknob.co.uk\/stepsheets\/191509\/ohhh-my-god<\/span><\/span><\/span><\/a><\/td>\n<\/tr>\n<tr valign=\"TOP\">\n<td width=\"50%\"><span style=\"color: #000000;\"><span style=\"font-family: Comic Sans MS, Comic Sans MS, sans-serif;\"><span style=\"font-size: medium;\"><u>Golden X<\/u><\/span><\/span><\/span><\/p>\n<p><span style=\"color: #000000;\"><span style=\"font-family: Comic Sans MS, Comic Sans MS, sans-serif;\"><span style=\"font-size: medium;\">Fiona &amp; Roy Hadisubroto<\/span><\/span><\/span><\/td>\n<td width=\"50%\"><a href=\"https:\/\/www.copperknob.co.uk\/stepsheets\/203125\/golden-x\"><span style=\"color: #0000ff;\"><span style=\"font-family: Comic Sans MS, cursive;\"><span style=\"font-size: medium;\">https:\/\/www.copperknob.co.uk\/stepsheets\/203125\/golden-x<\/span><\/span><\/span><\/a><\/td>\n<\/tr>\n<\/tbody>\n<\/table>\n","protected":false},"excerpt":{"rendered":"<p>Voici les danses que l&rsquo;on a apprises pendant la 1\u00e8re p\u00e9riode (septembre-octobre 2025). Le lien vous dirige vers la page<\/p>\n","protected":false},"author":1,"featured_media":0,"parent":18,"menu_order":3,"comment_status":"closed","ping_status":"closed","template":"","meta":{"colormag_page_container_layout":"no_sidebar_full_width","colormag_page_sidebar_layout":"no_sidebar","footnotes":""},"class_list":["post-553","page","type-page","status-publish","hentry"],"jetpack_sharing_enabled":true,"_links":{"self":[{"href":"https:\/\/alas-danse.fr\/index.php?rest_route=\/wp\/v2\/pages\/553","targetHints":{"allow":["GET"]}}],"collection":[{"href":"https:\/\/alas-danse.fr\/index.php?rest_route=\/wp\/v2\/pages"}],"about":[{"href":"https:\/\/alas-danse.fr\/index.php?rest_route=\/wp\/v2\/types\/page"}],"author":[{"embeddable":true,"href":"https:\/\/alas-danse.fr\/index.php?rest_route=\/wp\/v2\/users\/1"}],"replies":[{"embeddable":true,"href":"https:\/\/alas-danse.fr\/index.php?rest_route=%2Fwp%2Fv2%2Fcomments&post=553"}],"version-history":[{"count":24,"href":"https:\/\/alas-danse.fr\/index.php?rest_route=\/wp\/v2\/pages\/553\/revisions"}],"predecessor-version":[{"id":1466,"href":"https:\/\/alas-danse.fr\/index.php?rest_route=\/wp\/v2\/pages\/553\/revisions\/1466"}],"up":[{"embeddable":true,"href":"https:\/\/alas-danse.fr\/index.php?rest_route=\/wp\/v2\/pages\/18"}],"wp:attachment":[{"href":"https:\/\/alas-danse.fr\/index.php?rest_route=%2Fwp%2Fv2%2Fmedia&parent=553"}],"curies":[{"name":"wp","href":"https:\/\/api.w.org\/{rel}","templated":true}]}}