{"id":57,"date":"2016-11-02T19:51:35","date_gmt":"2016-11-02T18:51:35","guid":{"rendered":"http:\/\/alas-danse.fr\/?page_id=57"},"modified":"2025-09-13T16:19:23","modified_gmt":"2025-09-13T14:19:23","slug":"contacts","status":"publish","type":"page","link":"https:\/\/alas-danse.fr\/?page_id=57","title":{"rendered":"CONTACTS"},"content":{"rendered":"<p>Pour nous contacter, il est pr\u00e9f\u00e9rable d&rsquo;abord d&rsquo;envoyer un mail via le formulaire \u00e0 la fin de cette page.<\/p>\n<p><strong><span style=\"text-decoration: underline;\">Adresse courrier<\/span><\/strong><br \/>\nALAS danse &#8211; 1 All\u00e9e des Apis &#8211; 44120 VERTOU<\/p>\n<p><strong><span style=\"color: #c6d000;\">Modern jazz<\/span><\/strong><br \/>\nMathilde<br \/>\nTel. :\u00a006 48 81 75 25\u00a0\u00a0<span style=\"text-decoration: underline;\">apr\u00e8s 18 h<\/span>.<\/p>\n<p><strong><span style=\"color: #7b1e77;\">Multidanses<\/span><\/strong><br \/>\nNelly<br \/>\nTel. : 06 74 86 73 18 \u00a0<span style=\"text-decoration: underline;\">apr\u00e8s 18 h<\/span>.<\/p>\n<p><strong>Danses en couple<\/strong><br \/>\nC\u00e9cile<br \/>\nTel: 06 63 51 86 92 apr\u00e8s 18H<\/p>\n<p><strong><span style=\"color: #ff6600;\">Line dance<\/span><\/strong><br \/>\nCarine<br \/>\nT\u00e9l. : 06 17 98 14 23 <span style=\"text-decoration: underline;\">apr\u00e8s 18 h.<\/span><\/p>\n<p><strong><span style=\"color: #993300;\">Danse Orientale<\/span><\/strong><br \/>\nSophie\u00a0 Tel. : 06 27 73 42 58\u00a0<span style=\"text-decoration: underline;\">apr\u00e8s 18 h<\/span>.<\/p>\n<p class=\"ox-d30eada684-MsoNormal\">Laetitia\u00a0 Tel. :06 22 04 14 70<span style=\"text-decoration: underline;\">apr\u00e8s 18 h<\/span>.<\/p>\n<p><span style=\"color: #0000ff;\"><b>Lady style<\/b><\/span><br \/>\nSandrine<br \/>\nTel. :\u00a006 74 74 95 33 \u00a0<span style=\"text-decoration: underline;\">apr\u00e8s 18 h<\/span>.<\/p>\n<p><span style=\"color: #ff00ff;\"><strong>Danse Bien-\u00eatre<\/strong><\/span><br \/>\nNathalie<br \/>\nTel: 06 23 08 83 37<\/p>\n<p><strong><span style=\"text-decoration: underline;\">Des questions ?<\/span><\/strong><\/p>\n<p>Merci de remplir le formulaire ci-dessous pour nous envoyer un message.<br \/>\nNous vous r\u00e9pondrons dans les meilleurs d\u00e9lais.<\/p>\n\n<div class=\"wpcf7 no-js\" id=\"wpcf7-f68-o1\" lang=\"fr-FR\" dir=\"ltr\" data-wpcf7-id=\"68\">\n<div class=\"screen-reader-response\"><p role=\"status\" aria-live=\"polite\" aria-atomic=\"true\"><\/p> <ul><\/ul><\/div>\n<form action=\"\/index.php?rest_route=%2Fwp%2Fv2%2Fpages%2F57#wpcf7-f68-o1\" method=\"post\" class=\"wpcf7-form init\" aria-label=\"Formulaire de contact\" novalidate=\"novalidate\" data-status=\"init\">\n<fieldset class=\"hidden-fields-container\"><input type=\"hidden\" name=\"_wpcf7\" value=\"68\" \/><input type=\"hidden\" name=\"_wpcf7_version\" value=\"6.1.1\" \/><input type=\"hidden\" name=\"_wpcf7_locale\" value=\"fr_FR\" \/><input type=\"hidden\" name=\"_wpcf7_unit_tag\" value=\"wpcf7-f68-o1\" \/><input type=\"hidden\" name=\"_wpcf7_container_post\" value=\"0\" \/><input type=\"hidden\" name=\"_wpcf7_posted_data_hash\" value=\"\" \/>\n<\/fieldset>\n<p><label> Votre nom (obligatoire)<br \/>\n<span class=\"wpcf7-form-control-wrap\" data-name=\"your-name\"><input size=\"40\" maxlength=\"400\" class=\"wpcf7-form-control wpcf7-text wpcf7-validates-as-required\" aria-required=\"true\" aria-invalid=\"false\" value=\"\" type=\"text\" name=\"your-name\" \/><\/span> <\/label>\n<\/p>\n<p><label> Votre e-mail (obligatoire)<br \/>\n<span class=\"wpcf7-form-control-wrap\" data-name=\"your-email\"><input size=\"40\" maxlength=\"400\" class=\"wpcf7-form-control wpcf7-email wpcf7-validates-as-required wpcf7-text wpcf7-validates-as-email\" aria-required=\"true\" aria-invalid=\"false\" value=\"\" type=\"email\" name=\"your-email\" \/><\/span> <\/label>\n<\/p>\n<p><label> Sujet<br \/>\n<span class=\"wpcf7-form-control-wrap\" data-name=\"your-subject\"><input size=\"40\" maxlength=\"400\" class=\"wpcf7-form-control wpcf7-text\" aria-invalid=\"false\" value=\"\" type=\"text\" name=\"your-subject\" \/><\/span> <\/label>\n<\/p>\n<p><label> Votre message<br \/>\n<span class=\"wpcf7-form-control-wrap\" data-name=\"your-message\"><textarea cols=\"40\" rows=\"10\" maxlength=\"2000\" class=\"wpcf7-form-control wpcf7-textarea\" aria-invalid=\"false\" name=\"your-message\"><\/textarea><\/span> <\/label>\n<\/p>\n<p><input class=\"wpcf7-form-control wpcf7-submit has-spinner\" type=\"submit\" value=\"Envoyer\" \/>\n<\/p><div class=\"wpcf7-response-output\" aria-hidden=\"true\"><\/div>\n<\/form>\n<\/div>\n\n<p>Annuaire des \u00e9coles de danses en France: <a href=\"http:\/\/www.ecoles-de-danse.com\">http:\/\/www.ecoles-de-danse.com<\/a><\/p>\n","protected":false},"excerpt":{"rendered":"<p>Pour nous contacter, il est pr\u00e9f\u00e9rable d&rsquo;abord d&rsquo;envoyer un mail via le formulaire \u00e0 la fin de cette page. Adresse<\/p>\n","protected":false},"author":1,"featured_media":0,"parent":0,"menu_order":0,"comment_status":"closed","ping_status":"closed","template":"","meta":{"colormag_page_container_layout":"default_layout","colormag_page_sidebar_layout":"default_layout","footnotes":""},"class_list":["post-57","page","type-page","status-publish","hentry"],"jetpack_sharing_enabled":true,"_links":{"self":[{"href":"https:\/\/alas-danse.fr\/index.php?rest_route=\/wp\/v2\/pages\/57","targetHints":{"allow":["GET"]}}],"collection":[{"href":"https:\/\/alas-danse.fr\/index.php?rest_route=\/wp\/v2\/pages"}],"about":[{"href":"https:\/\/alas-danse.fr\/index.php?rest_route=\/wp\/v2\/types\/page"}],"author":[{"embeddable":true,"href":"https:\/\/alas-danse.fr\/index.php?rest_route=\/wp\/v2\/users\/1"}],"replies":[{"embeddable":true,"href":"https:\/\/alas-danse.fr\/index.php?rest_route=%2Fwp%2Fv2%2Fcomments&post=57"}],"version-history":[{"count":28,"href":"https:\/\/alas-danse.fr\/index.php?rest_route=\/wp\/v2\/pages\/57\/revisions"}],"predecessor-version":[{"id":1401,"href":"https:\/\/alas-danse.fr\/index.php?rest_route=\/wp\/v2\/pages\/57\/revisions\/1401"}],"wp:attachment":[{"href":"https:\/\/alas-danse.fr\/index.php?rest_route=%2Fwp%2Fv2%2Fmedia&parent=57"}],"curies":[{"name":"wp","href":"https:\/\/api.w.org\/{rel}","templated":true}]}}