{"id":657,"date":"2020-11-04T19:19:50","date_gmt":"2020-11-04T18:19:50","guid":{"rendered":"http:\/\/alas-danse.fr\/?page_id=657"},"modified":"2026-02-18T20:58:27","modified_gmt":"2026-02-18T19:58:27","slug":"cours-novice-saison-2020-2021","status":"publish","type":"page","link":"https:\/\/alas-danse.fr\/?page_id=657","title":{"rendered":"COURS NOVICE 2025-2026"},"content":{"rendered":"<p>&nbsp;<\/p>\n<p>Voici les danses que l&rsquo;on a apprises pendant la 1\u00e8re p\u00e9riode (septembre-octobre 2025).<\/p>\n<p>Le lien vous dirige vers la page du site CopperKnob qui correspond \u00e0 la danse. Vous faites d\u00e9filer.<\/p>\n<p>Dans la partie gauche, il y a la fiche de pas ( stepsheet in english!) qui est, le plus souvent, \u00e9crite en anglais mais aussi parfois en fran\u00e7ais (quand le lien se termine par \u00ab\u00a0fr\u00a0\u00bb) si cela vous tente de passer par la fiche pour r\u00e9viser votre chor\u00e9!<\/p>\n<p>Dans le bandeau de droite, il y a d&rsquo;abord la musique qui vous dirige vers You Tube, puis des vid\u00e9os de d\u00e9mos de la danse et ensuite des vid\u00e9os de tutos (teach) o\u00f9 la danse est expliqu\u00e9e, encore une fois plut\u00f4t en anglais (ou en chinois ce qui ne nous avance pas beaucoup, j&rsquo;en conviens!!!).<\/p>\n<p>Certaines vid\u00e9os sont faites par les chor\u00e9graphes !!!<\/p>\n<h3>Danses enseign\u00e9es &#8211; Niveau novice &#8211; 1\u00e8re p\u00e9riode 2025\/2026<\/h3>\n<table style=\"height: 731px;\" border=\"1\" width=\"1009\" cellspacing=\"0\" cellpadding=\"4\">\n<tbody>\n<tr valign=\"TOP\">\n<td width=\"50%\"><span style=\"color: #000000;\"><span style=\"font-family: Comic Sans MS, Comic Sans MS, sans-serif;\"><span style=\"font-size: medium;\">Chor\u00e9s et chor\u00e9graphes<\/span><\/span><\/span><\/td>\n<td width=\"50%\"><span style=\"color: #000000;\"><span style=\"font-family: Comic Sans MS, Comic Sans MS, sans-serif;\"><span style=\"font-size: medium;\">Liens CopperKnob <\/span><\/span><\/span><\/td>\n<\/tr>\n<tr valign=\"TOP\">\n<td width=\"50%\"><span style=\"color: #000000;\"><span style=\"font-family: Comic Sans MS, Comic Sans MS, sans-serif;\"><span style=\"font-size: medium;\">We are Family<\/span><\/span><\/span><span style=\"color: #000000;\"><span style=\"font-family: Comic Sans MS, Comic Sans MS, sans-serif;\"><span style=\"font-size: medium;\">Darren Bailey<\/span><\/span><\/span><\/td>\n<td width=\"50%\"><a href=\"https:\/\/www.copperknob.co.uk\/stepsheets\/197892\/we-are-family\"><span style=\"color: #0000ff;\"><span style=\"font-family: Comic Sans MS, cursive;\"><span style=\"font-size: medium;\">https:\/\/www.copperknob.co.uk\/stepsheets\/197892\/we-are-family<\/span><\/span><\/span><\/a><\/td>\n<\/tr>\n<tr valign=\"TOP\">\n<td width=\"50%\"><span style=\"color: #000000;\"><span style=\"font-family: Comic Sans MS, Comic Sans MS, sans-serif;\"><span style=\"font-size: medium;\">I Wanna Praise You<\/span><\/span><\/span><span style=\"color: #000000;\"><span style=\"font-family: Comic Sans MS, Comic Sans MS, sans-serif;\"><span style=\"font-size: medium;\">Rebecca Lee &amp; Daniel Tr\u00e9pat<\/span><\/span><\/span><\/td>\n<td width=\"50%\"><a href=\"https:\/\/www.copperknob.co.uk\/stepsheets\/173993\/i-wanna-praise-you\"><span style=\"color: #0000ff;\"><span style=\"font-family: Comic Sans MS, cursive;\"><span style=\"font-size: medium;\">https:\/\/www.copperknob.co.uk\/stepsheets\/173993\/i-wanna-praise-you<\/span><\/span><\/span><\/a><\/td>\n<\/tr>\n<tr valign=\"TOP\">\n<td width=\"50%\"><span style=\"color: #000000;\"><span style=\"font-family: Comic Sans MS, Comic Sans MS, sans-serif;\"><span style=\"font-size: medium;\">Can&rsquo;t Forget You<\/span><\/span><\/span><span style=\"color: #000000;\"><span style=\"font-family: Comic Sans MS, Comic Sans MS, sans-serif;\"><span style=\"font-size: medium;\">Guillaume Richard<\/span><\/span><\/span><\/td>\n<td width=\"50%\"><a href=\"https:\/\/www.copperknob.co.uk\/stepsheets\/171191\/cant-forget-you\"><span style=\"color: #0000ff;\"><span style=\"font-family: Comic Sans MS, cursive;\"><span style=\"font-size: medium;\">https:\/\/www.copperknob.co.uk\/stepsheets\/171191\/cant-forget-you<\/span><\/span><\/span><\/a><\/td>\n<\/tr>\n<tr valign=\"TOP\">\n<td width=\"50%\"><span style=\"color: #000000;\"><span style=\"font-family: Comic Sans MS, Comic Sans MS, sans-serif;\"><span style=\"font-size: medium;\">So Please Don&rsquo;t Go<\/span><\/span><\/span><span style=\"color: #000000;\"><span style=\"font-family: Comic Sans MS, Comic Sans MS, sans-serif;\"><span style=\"font-size: medium;\">Gr\u00e9gory Danvoie<\/span><\/span><\/span><\/td>\n<td width=\"50%\"><a href=\"https:\/\/www.copperknob.co.uk\/stepsheets\/196959\/so-please-dont-go\"><span style=\"color: #0000ff;\"><span style=\"font-family: Comic Sans MS, cursive;\"><span style=\"font-size: medium;\">https:\/\/www.copperknob.co.uk\/stepsheets\/196959\/so-please-dont-go<\/span><\/span><\/span><\/a><\/td>\n<\/tr>\n<tr valign=\"TOP\">\n<td width=\"50%\"><span style=\"color: #000000;\"><span style=\"font-family: Comic Sans MS, Comic Sans MS, sans-serif;\"><span style=\"font-size: medium;\">Cryo<\/span><\/span><\/span><span style=\"color: #000000;\"><span style=\"font-family: Comic Sans MS, Comic Sans MS, sans-serif;\"><span style=\"font-size: medium;\">Amanda Rizzello<\/span><\/span><\/span><\/td>\n<td width=\"50%\"><a href=\"https:\/\/www.copperknob.co.uk\/stepsheets\/191123\/cryo\"><span style=\"color: #0000ff;\"><span style=\"font-family: Comic Sans MS, cursive;\"><span style=\"font-size: medium;\">https:\/\/www.copperknob.co.uk\/stepsheets\/191123\/cryo<\/span><\/span><\/span><\/a><\/td>\n<\/tr>\n<tr valign=\"TOP\">\n<td width=\"50%\"><span style=\"color: #000000;\"><span style=\"font-family: Comic Sans MS, Comic Sans MS, sans-serif;\"><span style=\"font-size: medium;\">Azizam<\/span><\/span><\/span><span style=\"color: #000000;\"><span style=\"font-family: Comic Sans MS, Comic Sans MS, sans-serif;\"><span style=\"font-size: medium;\">Amy Bailey, Simon Ward &amp; JP Madge<\/span><\/span><\/span><\/td>\n<td width=\"50%\"><a href=\"https:\/\/www.copperknob.co.uk\/stepsheets\/195100\/azizam\"><span style=\"color: #0000ff;\"><span style=\"font-family: Comic Sans MS, cursive;\"><span style=\"font-size: medium;\">https:\/\/www.copperknob.co.uk\/stepsheets\/195100\/azizam<\/span><\/span><\/span><\/a><\/td>\n<\/tr>\n<tr valign=\"TOP\">\n<td width=\"50%\"><span style=\"color: #000000;\"><span style=\"font-family: Comic Sans MS, Comic Sans MS, sans-serif;\"><span style=\"font-size: medium;\">A Bar Song<\/span><\/span><\/span><span style=\"color: #000000;\"><span style=\"font-family: Comic Sans MS, Comic Sans MS, sans-serif;\"><span style=\"font-size: medium;\">Ben Murphy<\/span><\/span><\/span><\/td>\n<td width=\"50%\"><a href=\"https:\/\/www.copperknob.co.uk\/stepsheets\/181815\/a-bar-song\"><span style=\"color: #0000ff;\"><span style=\"font-family: Comic Sans MS, cursive;\"><span style=\"font-size: medium;\">https:\/\/www.copperknob.co.uk\/stepsheets\/181815\/a-bar-song<\/span><\/span><\/span><\/a><\/td>\n<\/tr>\n<tr valign=\"TOP\">\n<td width=\"50%\"><span style=\"color: #000000;\"><span style=\"font-family: Comic Sans MS, Comic Sans MS, sans-serif;\"><span style=\"font-size: medium;\">Back to the Start<\/span><\/span><\/span><span style=\"color: #000000;\"><span style=\"font-family: Comic Sans MS, Comic Sans MS, sans-serif;\"><span style=\"font-size: medium;\">Hayley Wheatley<\/span><\/span><\/span><\/td>\n<td width=\"50%\"><a href=\"https:\/\/www.copperknob.co.uk\/stepsheets\/131704\/back-to-the-start\"><span style=\"color: #0000ff;\"><span style=\"font-family: Comic Sans MS, cursive;\"><span style=\"font-size: medium;\">https:\/\/www.copperknob.co.uk\/stepsheets\/131704\/back-to-the-start<\/span><\/span><\/span><\/a><\/td>\n<\/tr>\n<\/tbody>\n<\/table>\n<p>&nbsp;<\/p>\n<h3 style=\"text-align: left;\" align=\"CENTER\"><span style=\"font-family: Comic Sans MS, cursive;\">Danses enseign\u00e9es &#8211; Niveau novice &#8211; 2\u00e8me p\u00e9riode 2025\/2026<\/span><\/h3>\n<table style=\"height: 807px;\" border=\"1\" width=\"1013\" cellspacing=\"0\" cellpadding=\"5\">\n<tbody>\n<tr valign=\"TOP\">\n<td width=\"167\"><span style=\"font-family: Comic Sans MS, cursive;\"><span style=\"font-size: medium;\">Chor\u00e9s et chor\u00e9graphes<\/span><\/span><\/td>\n<td width=\"427\">\n<p lang=\"en-GB\"><span style=\"font-family: Comic Sans MS, cursive;\"><span style=\"font-size: medium;\">Liens CopperKnob<\/span><\/span><\/p>\n<\/td>\n<\/tr>\n<tr valign=\"TOP\">\n<td width=\"167\"><span style=\"font-family: Comic Sans MS, cursive;\"><span style=\"font-size: medium;\"><u>Gives me Shivers<\/u><\/span><\/span>\n<p><span style=\"font-family: Comic Sans MS, cursive;\"><span style=\"font-size: medium;\">Brandon Zahorsky<\/span><\/span><\/p>\n<\/td>\n<td width=\"427\"><a href=\"https:\/\/www.copperknob.co.uk\/stepsheets\/154517\/gives-me-shivers\"><span style=\"color: #0000ff;\"><u><span style=\"font-family: Comic Sans MS, cursive;\"><span style=\"font-size: medium;\">https:\/\/www.copperknob.co.uk\/stepsheets\/154517\/gives-me-shivers<\/span><\/span><\/u><\/span><\/a><\/td>\n<\/tr>\n<tr valign=\"TOP\">\n<td width=\"167\">\n<p lang=\"en-GB\"><span style=\"font-family: Comic Sans MS, cursive;\"><span style=\"font-size: medium;\"><u>Por tu Culpa<\/u><\/span><\/span><\/p>\n<p lang=\"en-GB\"><span style=\"font-family: Comic Sans MS, cursive;\"><span style=\"font-size: medium;\">Roy, Raymond, Jef, Lee, Ira &amp; Darren<\/span><\/span><\/p>\n<\/td>\n<td width=\"427\"><a href=\"https:\/\/www.copperknob.co.uk\/stepsheets\/193905\/por-tu-culpa\"><span style=\"color: #0000ff;\"><u><span style=\"font-family: Comic Sans MS, cursive;\"><span style=\"font-size: medium;\"><span lang=\"en-GB\">https:\/\/www.copperknob.co.uk\/stepsheets\/193905\/por-tu-culpa<\/span><\/span><\/span><\/u><\/span><\/a><\/td>\n<\/tr>\n<tr valign=\"TOP\">\n<td width=\"167\">\n<p lang=\"en-GB\"><span style=\"font-family: Comic Sans MS, cursive;\"><span style=\"font-size: medium;\"><u>Haide<\/u><\/span><\/span><\/p>\n<p lang=\"en-GB\"><span style=\"font-family: Comic Sans MS, cursive;\"><span style=\"font-size: medium;\">Triple X<\/span><\/span><\/p>\n<\/td>\n<td width=\"427\"><a href=\"https:\/\/www.copperknob.co.uk\/stepsheets\/186123\/haide\"><span style=\"color: #0000ff;\"><u><span style=\"font-family: Comic Sans MS, cursive;\"><span style=\"font-size: medium;\"><span lang=\"en-GB\">https:\/\/www.copperknob.co.uk\/stepsheets\/186123\/haide<\/span><\/span><\/span><\/u><\/span><\/a><\/td>\n<\/tr>\n<tr valign=\"TOP\">\n<td width=\"167\">\n<p lang=\"en-GB\"><span style=\"font-family: Comic Sans MS, cursive;\"><span style=\"font-size: medium;\"><u>Calum&rsquo;s Rise<\/u><\/span><\/span><\/p>\n<p lang=\"en-GB\"><span style=\"font-family: Comic Sans MS, cursive;\"><span style=\"font-size: medium;\">Colin Ghys<\/span><\/span><\/p>\n<\/td>\n<td width=\"427\"><a href=\"https:\/\/www.copperknob.co.uk\/stepsheets\/186493\/calums-rise\"><span style=\"color: #0000ff;\"><u><span style=\"font-family: Comic Sans MS, cursive;\"><span style=\"font-size: medium;\"><span lang=\"en-GB\">https:\/\/www.copperknob.co.uk\/stepsheets\/186493\/calums-rise<\/span><\/span><\/span><\/u><\/span><\/a><\/td>\n<\/tr>\n<tr valign=\"TOP\">\n<td width=\"167\">\n<p lang=\"en-GB\"><span style=\"font-family: Comic Sans MS, cursive;\"><span style=\"font-size: medium;\"><u>Dientes<\/u><\/span><\/span><\/p>\n<p lang=\"en-GB\"><span style=\"font-family: Comic Sans MS, cursive;\"><span style=\"font-size: medium;\">Triple X<\/span><\/span><\/p>\n<\/td>\n<td width=\"427\"><a href=\"https:\/\/www.copperknob.co.uk\/stepsheets\/194365\/dientes\"><span style=\"color: #0000ff;\"><u><span style=\"font-family: Comic Sans MS, cursive;\"><span style=\"font-size: medium;\"><span lang=\"en-GB\">https:\/\/www.copperknob.co.uk\/stepsheets\/194365\/dientes<\/span><\/span><\/span><\/u><\/span><\/a><\/td>\n<\/tr>\n<tr valign=\"TOP\">\n<td width=\"167\">\n<p lang=\"en-GB\"><span style=\"font-family: Comic Sans MS, cursive;\"><span style=\"font-size: medium;\"><u>Dance your Jingle Bells Off<\/u><\/span><\/span><\/p>\n<p lang=\"en-GB\"><span style=\"font-family: Comic Sans MS, cursive;\"><span style=\"font-size: medium;\">Sandy Kerrigan<\/span><\/span><\/p>\n<\/td>\n<td width=\"427\"><a href=\"https:\/\/www.copperknob.co.uk\/stepsheets\/205071\/dance-your-jingle-bells-off-circle-dance\"><span style=\"color: #0000ff;\"><u><span style=\"font-family: Comic Sans MS, cursive;\"><span style=\"font-size: medium;\"><span lang=\"en-GB\">https:\/\/www.copperknob.co.uk\/stepsheets\/205071\/dance-your-jingle-bells-off-circle-dance<\/span><\/span><\/span><\/u><\/span><\/a><\/td>\n<\/tr>\n<\/tbody>\n<\/table>\n<h3 align=\"CENTER\">\u00a0<\/h3>\n<h3 style=\"text-align: left;\" align=\"CENTER\"><span style=\"color: #000000;\"><span style=\"font-family: Comic Sans MS, Comic Sans MS, sans-serif;\"><span style=\"font-size: medium;\">Danses enseign\u00e9es &#8211; Niveau novice \u2013 3\u00e8me <\/span><\/span><\/span><span style=\"font-family: Comic Sans MS, cursive;\">p\u00e9riode 2025\/2026<\/span><\/h3>\n<table style=\"height: 599px;\" border=\"1\" width=\"1025\" cellspacing=\"0\" cellpadding=\"4\">\n<tbody>\n<tr valign=\"TOP\">\n<td width=\"50%\">\n<p><span style=\"color: #000000;\"><span style=\"font-family: Comic Sans MS, Comic Sans MS, sans-serif;\"><span style=\"font-size: medium;\">Chor\u00e9s et chor\u00e9graphes<\/span><\/span><\/span><\/p>\n<\/td>\n<td width=\"50%\">\n<p><span style=\"color: #000000;\"><span style=\"font-family: Comic Sans MS, Comic Sans MS, sans-serif;\"><span style=\"font-size: medium;\">Liens CopperKnob <\/span><\/span><\/span><\/p>\n<\/td>\n<\/tr>\n<tr valign=\"TOP\">\n<td width=\"50%\">\n<p><span style=\"color: #000000;\"><span style=\"font-family: Comic Sans MS, Comic Sans MS, sans-serif;\"><span style=\"font-size: medium;\"><u>Better Together<\/u><\/span><\/span><\/span><\/p>\n<p><span style=\"color: #000000;\"><span style=\"font-family: Comic Sans MS, Comic Sans MS, sans-serif;\"><span style=\"font-size: medium;\">Roy Verdonk, Grace David &amp; Raymond Sarlemijn<\/span><\/span><\/span><\/p>\n<\/td>\n<td width=\"50%\">\n<p><a href=\"https:\/\/www.copperknob.co.uk\/stepsheets\/189721\/better-together\"><span style=\"color: #0000ff;\"><span style=\"font-family: Comic Sans MS, cursive;\"><span style=\"font-size: medium;\">https:\/\/www.copperknob.co.uk\/stepsheets\/189721\/better-together<\/span><\/span><\/span><\/a><\/p>\n<\/td>\n<\/tr>\n<tr valign=\"TOP\">\n<td width=\"50%\">\n<p><span style=\"color: #000000;\"><span style=\"font-family: Comic Sans MS, Comic Sans MS, sans-serif;\"><span style=\"font-size: medium;\"><u>Glass of Wine<\/u><\/span><\/span><\/span><\/p>\n<p><span style=\"color: #000000;\"><span style=\"font-family: Comic Sans MS, Comic Sans MS, sans-serif;\"><span style=\"font-size: medium;\">Malene Jakobsen<\/span><\/span><\/span><\/p>\n<\/td>\n<td width=\"50%\">\n<p><a href=\"https:\/\/www.copperknob.co.uk\/stepsheets\/162168\/glass-of-wine\"><span style=\"color: #0000ff;\"><span style=\"font-family: Comic Sans MS, cursive;\"><span style=\"font-size: medium;\">https:\/\/www.copperknob.co.uk\/stepsheets\/162168\/glass-of-wine<\/span><\/span><\/span><\/a><\/p>\n<\/td>\n<\/tr>\n<tr valign=\"TOP\">\n<td width=\"50%\">\n<p><span style=\"color: #000000;\"><span style=\"font-family: Comic Sans MS, Comic Sans MS, sans-serif;\"><span style=\"font-size: medium;\"><u>Ohhh My God<\/u><\/span><\/span><\/span><\/p>\n<p><span style=\"color: #000000;\"><span style=\"font-family: Comic Sans MS, Comic Sans MS, sans-serif;\"><span style=\"font-size: medium;\">Roy Verdonk, Raymond Sarlemijn &amp; Gr\u00e9gory Danvoie<\/span><\/span><\/span><\/p>\n<\/td>\n<td width=\"50%\">\n<p><a href=\"https:\/\/www.copperknob.co.uk\/stepsheets\/191509\/ohhh-my-god\"><span style=\"color: #0000ff;\"><span style=\"font-family: Comic Sans MS, cursive;\"><span style=\"font-size: medium;\">https:\/\/www.copperknob.co.uk\/stepsheets\/191509\/ohhh-my-god<\/span><\/span><\/span><\/a><\/p>\n<\/td>\n<\/tr>\n<tr valign=\"TOP\">\n<td width=\"50%\">\n<p><span style=\"color: #000000;\"><span style=\"font-family: Comic Sans MS, Comic Sans MS, sans-serif;\"><span style=\"font-size: medium;\"><u>Slow Motion<\/u><\/span><\/span><\/span><\/p>\n<p><span style=\"color: #000000;\"><span style=\"font-family: Comic Sans MS, Comic Sans MS, sans-serif;\"><span style=\"font-size: medium;\">Grace David, Roy Verdonk &amp; Jef Camps<\/span><\/span><\/span><\/p>\n<\/td>\n<td width=\"50%\">\n<p><a href=\"https:\/\/www.copperknob.co.uk\/stepsheets\/194653\/slow-motion\"><span style=\"color: #0000ff;\"><span style=\"font-family: Comic Sans MS, cursive;\"><span style=\"font-size: medium;\">https:\/\/www.copperknob.co.uk\/stepsheets\/194653\/slow-motion<\/span><\/span><\/span><\/a><\/p>\n<\/td>\n<\/tr>\n<tr valign=\"TOP\">\n<td width=\"50%\">\n<p><span style=\"color: #000000;\"><span style=\"font-family: Comic Sans MS, Comic Sans MS, sans-serif;\"><span style=\"font-size: medium;\"><u>Love me to Heaven<\/u><\/span><\/span><\/span><\/p>\n<p><span style=\"color: #000000;\"><span style=\"font-family: Comic Sans MS, Comic Sans MS, sans-serif;\"><span style=\"font-size: medium;\">Guillaume Richard &amp; Gr\u00e9gory Danvoie<\/span><\/span><\/span><\/p>\n<\/td>\n<td width=\"50%\">\n<p><a href=\"https:\/\/www.copperknob.co.uk\/stepsheets\/194379\/love-me-to-heaven\"><span style=\"color: #0000ff;\"><span style=\"font-family: Comic Sans MS, cursive;\"><span style=\"font-size: medium;\">https:\/\/www.copperknob.co.uk\/stepsheets\/194379\/love-me-to-heaven<\/span><\/span><\/span><\/a><\/p>\n<\/td>\n<\/tr>\n<\/tbody>\n<\/table>\n\n\n<h3 class=\"wp-block-heading\"><\/h3>\n\n\n\n<p><\/p>\n","protected":false},"excerpt":{"rendered":"<p>&nbsp; Voici les danses que l&rsquo;on a apprises pendant la 1\u00e8re p\u00e9riode (septembre-octobre 2025). Le lien vous dirige vers la<\/p>\n","protected":false},"author":1,"featured_media":0,"parent":18,"menu_order":0,"comment_status":"closed","ping_status":"closed","template":"","meta":{"colormag_page_container_layout":"default_layout","colormag_page_sidebar_layout":"default_layout","footnotes":""},"class_list":["post-657","page","type-page","status-publish","hentry"],"jetpack_sharing_enabled":true,"_links":{"self":[{"href":"https:\/\/alas-danse.fr\/index.php?rest_route=\/wp\/v2\/pages\/657","targetHints":{"allow":["GET"]}}],"collection":[{"href":"https:\/\/alas-danse.fr\/index.php?rest_route=\/wp\/v2\/pages"}],"about":[{"href":"https:\/\/alas-danse.fr\/index.php?rest_route=\/wp\/v2\/types\/page"}],"author":[{"embeddable":true,"href":"https:\/\/alas-danse.fr\/index.php?rest_route=\/wp\/v2\/users\/1"}],"replies":[{"embeddable":true,"href":"https:\/\/alas-danse.fr\/index.php?rest_route=%2Fwp%2Fv2%2Fcomments&post=657"}],"version-history":[{"count":26,"href":"https:\/\/alas-danse.fr\/index.php?rest_route=\/wp\/v2\/pages\/657\/revisions"}],"predecessor-version":[{"id":1465,"href":"https:\/\/alas-danse.fr\/index.php?rest_route=\/wp\/v2\/pages\/657\/revisions\/1465"}],"up":[{"embeddable":true,"href":"https:\/\/alas-danse.fr\/index.php?rest_route=\/wp\/v2\/pages\/18"}],"wp:attachment":[{"href":"https:\/\/alas-danse.fr\/index.php?rest_route=%2Fwp%2Fv2%2Fmedia&parent=657"}],"curies":[{"name":"wp","href":"https:\/\/api.w.org\/{rel}","templated":true}]}}